{"id":5521,"date":"2021-02-12T13:00:08","date_gmt":"2021-05-28T13:15:54","guid":{"rendered":"https:\/\/ceramicaterracuita.com\/productos\/traditionelle-farbige-oder-terrakotta-keramik\/"},"modified":"2021-05-28T14:51:35","modified_gmt":"2021-05-28T14:51:35","slug":"traditionelle-farbige-oder-terrakotta-keramik","status":"publish","type":"product","link":"https:\/\/ceramicaterracuita.com\/de\/productos\/traditionelle-farbige-oder-terrakotta-keramik\/","title":{"rendered":"Traditionelle farbige oder Terrakotta-Keramik"},"content":{"rendered":"<div class=\"bt_bb_wrapper\"><section id=\"bt_bb_section69d7360378de2\"  class=\"bt_bb_section bt_bb_top_spacing_extra_small bt_bb_bottom_spacing_extra_small bt_bb_layout_wide bt_bb_full_screen bt_bb_vertical_align_top graellaproduct\" style=\";background-color:#ffffff;\"><div class=\"bt_bb_port\"><div class=\"bt_bb_cell\"><div class=\"bt_bb_cell_inner\"><div class=\"bt_bb_row_wrapper\"><div  class=\"bt_bb_row graella1 bt_bb_column_gap_0\" ><div  class=\"bt_bb_column col-xl-4 col-xs-12 col-sm-12 col-md-12 col-lg-4 bt_bb_align_center bt_bb_vertical_align_middle bt_bb_animation_fade_in animate bt_bb_padding_normal\" style=\"padding-left:0px;\" data-width=\"4\" data-bt-override-class=\"{&quot;bt_bb_align_&quot;:{&quot;current_class&quot;:&quot;bt_bb_align_center&quot;,&quot;xl&quot;:&quot;center&quot;}}\"><div class=\"bt_bb_column_content\"><div class=\"bt_bb_column_content_inner\"><div class=\"bt_bb_image imgproduct bt_bb_shape_square bt_bb_align_inherit bt_bb_hover_style_simple bt_bb_content_display_always bt_bb_content_align_middle\" style=\"padding-left:0px;\" data-bt-override-class=\"{&quot;bt_bb_align_&quot;:{&quot;current_class&quot;:&quot;bt_bb_align_inherit&quot;,&quot;xl&quot;:&quot;inherit&quot;}}\"><span><img width=\"590\" height=\"393\" src=\"https:\/\/ceramicaterracuita.com\/wp-content\/uploads\/2021\/02\/color_detalle1.jpg\" class=\"attachment-full size-full\" alt=\"https:\/\/ceramicaterracuita.com\/wp-content\/uploads\/2021\/02\/color_detalle1.jpg\" loading=\"lazy\" data-full_image_src=\"https:\/\/ceramicaterracuita.com\/wp-content\/uploads\/2021\/02\/color_detalle1.jpg\" title=\"color_detalle1\" srcset=\"https:\/\/ceramicaterracuita.com\/wp-content\/uploads\/2021\/02\/color_detalle1.jpg 590w, https:\/\/ceramicaterracuita.com\/wp-content\/uploads\/2021\/02\/color_detalle1-320x213.jpg 320w\" sizes=\"(max-width: 590px) 100vw, 590px\" \/><\/span><\/div><\/div><\/div><\/div><div  class=\"bt_bb_column col-xl-4 col-xs-12 col-sm-12 col-md-12 col-lg-4 bt_bb_align_center bt_bb_vertical_align_middle bt_bb_animation_fade_in animate bt_bb_padding_normal\"  data-width=\"4\" data-bt-override-class=\"{}\"><div class=\"bt_bb_column_content\"><div class=\"bt_bb_column_content_inner\"><div class=\"bt_bb_image imgproduct bt_bb_shape_square bt_bb_align_inherit bt_bb_hover_style_simple bt_bb_content_display_always bt_bb_content_align_middle\" data-bt-override-class=\"{&quot;bt_bb_align_&quot;:{&quot;current_class&quot;:&quot;bt_bb_align_inherit&quot;,&quot;xl&quot;:&quot;inherit&quot;}}\"><span><img width=\"590\" height=\"393\" src=\"https:\/\/ceramicaterracuita.com\/wp-content\/uploads\/2021\/02\/color_detalle7.jpg\" class=\"attachment-full size-full\" alt=\"https:\/\/ceramicaterracuita.com\/wp-content\/uploads\/2021\/02\/color_detalle7.jpg\" loading=\"lazy\" data-full_image_src=\"https:\/\/ceramicaterracuita.com\/wp-content\/uploads\/2021\/02\/color_detalle7.jpg\" title=\"color_detalle7\" srcset=\"https:\/\/ceramicaterracuita.com\/wp-content\/uploads\/2021\/02\/color_detalle7.jpg 590w, https:\/\/ceramicaterracuita.com\/wp-content\/uploads\/2021\/02\/color_detalle7-320x213.jpg 320w\" sizes=\"(max-width: 590px) 100vw, 590px\" \/><\/span><\/div><\/div><\/div><\/div><div  class=\"bt_bb_column col-xl-4 col-xs-12 col-sm-12 col-md-12 col-lg-4 bt_bb_align_center bt_bb_vertical_align_middle bt_bb_animation_fade_in animate bt_bb_padding_normal\"  data-width=\"4\" data-bt-override-class=\"{}\"><div class=\"bt_bb_column_content\"><div class=\"bt_bb_column_content_inner\"><div class=\"bt_bb_image imgproduct bt_bb_shape_square bt_bb_align_inherit bt_bb_hover_style_simple bt_bb_content_display_always bt_bb_content_align_middle\" data-bt-override-class=\"{&quot;bt_bb_align_&quot;:{&quot;current_class&quot;:&quot;bt_bb_align_inherit&quot;,&quot;xl&quot;:&quot;inherit&quot;}}\"><span><img width=\"590\" height=\"393\" src=\"https:\/\/ceramicaterracuita.com\/wp-content\/uploads\/2021\/02\/color_detalle3.jpg\" class=\"attachment-full size-full\" alt=\"https:\/\/ceramicaterracuita.com\/wp-content\/uploads\/2021\/02\/color_detalle3.jpg\" loading=\"lazy\" data-full_image_src=\"https:\/\/ceramicaterracuita.com\/wp-content\/uploads\/2021\/02\/color_detalle3.jpg\" title=\"color_detalle3\" srcset=\"https:\/\/ceramicaterracuita.com\/wp-content\/uploads\/2021\/02\/color_detalle3.jpg 590w, https:\/\/ceramicaterracuita.com\/wp-content\/uploads\/2021\/02\/color_detalle3-320x213.jpg 320w\" sizes=\"(max-width: 590px) 100vw, 590px\" \/><\/span><\/div><\/div><\/div><\/div><\/div><\/div><div class=\"bt_bb_row_wrapper\"><div  class=\"bt_bb_row graella1 bt_bb_column_gap_0\" ><div  class=\"bt_bb_column col-xl-4 col-xs-12 col-sm-12 col-md-12 col-lg-4 bt_bb_align_center bt_bb_vertical_align_middle bt_bb_animation_fade_in animate bt_bb_padding_normal\" style=\"padding-left:0px;\" data-width=\"4\" data-bt-override-class=\"{&quot;bt_bb_align_&quot;:{&quot;current_class&quot;:&quot;bt_bb_align_center&quot;,&quot;xl&quot;:&quot;center&quot;}}\"><div class=\"bt_bb_column_content\"><div class=\"bt_bb_column_content_inner\"><div class=\"bt_bb_image imgproduct bt_bb_shape_square bt_bb_align_inherit bt_bb_hover_style_simple bt_bb_content_display_always bt_bb_content_align_middle\" style=\"padding-left:0px;\" data-bt-override-class=\"{&quot;bt_bb_align_&quot;:{&quot;current_class&quot;:&quot;bt_bb_align_inherit&quot;,&quot;xl&quot;:&quot;inherit&quot;}}\"><span><img width=\"590\" height=\"393\" src=\"https:\/\/ceramicaterracuita.com\/wp-content\/uploads\/2021\/02\/color_detalle6.jpg\" class=\"attachment-full size-full\" alt=\"https:\/\/ceramicaterracuita.com\/wp-content\/uploads\/2021\/02\/color_detalle6.jpg\" loading=\"lazy\" data-full_image_src=\"https:\/\/ceramicaterracuita.com\/wp-content\/uploads\/2021\/02\/color_detalle6.jpg\" title=\"color_detalle6\" srcset=\"https:\/\/ceramicaterracuita.com\/wp-content\/uploads\/2021\/02\/color_detalle6.jpg 590w, https:\/\/ceramicaterracuita.com\/wp-content\/uploads\/2021\/02\/color_detalle6-320x213.jpg 320w\" sizes=\"(max-width: 590px) 100vw, 590px\" \/><\/span><\/div><\/div><\/div><\/div><div  class=\"bt_bb_column col-xl-4 col-xs-12 col-sm-12 col-md-12 col-lg-4 bt_bb_align_center bt_bb_vertical_align_middle bt_bb_animation_fade_in animate bt_bb_padding_normal\"  data-width=\"4\" data-bt-override-class=\"{}\"><div class=\"bt_bb_column_content\"><div class=\"bt_bb_column_content_inner\"><div class=\"bt_bb_image imgproduct bt_bb_shape_square bt_bb_align_inherit bt_bb_hover_style_simple bt_bb_content_display_always bt_bb_content_align_middle\" data-bt-override-class=\"{&quot;bt_bb_align_&quot;:{&quot;current_class&quot;:&quot;bt_bb_align_inherit&quot;,&quot;xl&quot;:&quot;inherit&quot;}}\"><span><img width=\"590\" height=\"393\" src=\"https:\/\/ceramicaterracuita.com\/wp-content\/uploads\/2021\/02\/color_detalle2.jpg\" class=\"attachment-full size-full\" alt=\"https:\/\/ceramicaterracuita.com\/wp-content\/uploads\/2021\/02\/color_detalle2.jpg\" loading=\"lazy\" data-full_image_src=\"https:\/\/ceramicaterracuita.com\/wp-content\/uploads\/2021\/02\/color_detalle2.jpg\" title=\"color_detalle2\" srcset=\"https:\/\/ceramicaterracuita.com\/wp-content\/uploads\/2021\/02\/color_detalle2.jpg 590w, https:\/\/ceramicaterracuita.com\/wp-content\/uploads\/2021\/02\/color_detalle2-320x213.jpg 320w\" sizes=\"(max-width: 590px) 100vw, 590px\" \/><\/span><\/div><\/div><\/div><\/div><div  class=\"bt_bb_column col-xl-4 col-xs-12 col-sm-12 col-md-12 col-lg-4 bt_bb_align_center bt_bb_vertical_align_middle bt_bb_animation_fade_in animate bt_bb_padding_normal\"  data-width=\"4\" data-bt-override-class=\"{}\"><div class=\"bt_bb_column_content\"><div class=\"bt_bb_column_content_inner\"><div class=\"bt_bb_image imgproduct bt_bb_shape_square bt_bb_align_inherit bt_bb_hover_style_simple bt_bb_content_display_always bt_bb_content_align_middle\" data-bt-override-class=\"{&quot;bt_bb_align_&quot;:{&quot;current_class&quot;:&quot;bt_bb_align_inherit&quot;,&quot;xl&quot;:&quot;inherit&quot;}}\"><span><img width=\"590\" height=\"393\" src=\"https:\/\/ceramicaterracuita.com\/wp-content\/uploads\/2021\/02\/color_detalle5.jpg\" class=\"attachment-full size-full\" alt=\"https:\/\/ceramicaterracuita.com\/wp-content\/uploads\/2021\/02\/color_detalle5.jpg\" loading=\"lazy\" data-full_image_src=\"https:\/\/ceramicaterracuita.com\/wp-content\/uploads\/2021\/02\/color_detalle5.jpg\" title=\"color_detalle5\" srcset=\"https:\/\/ceramicaterracuita.com\/wp-content\/uploads\/2021\/02\/color_detalle5.jpg 590w, https:\/\/ceramicaterracuita.com\/wp-content\/uploads\/2021\/02\/color_detalle5-320x213.jpg 320w\" sizes=\"(max-width: 590px) 100vw, 590px\" \/><\/span><\/div><\/div><\/div><\/div><\/div><\/div><\/div><\/div><\/div><\/section><section id=\"bt_bb_section69d7360379787\"  class=\"bt_bb_section bt_bb_top_spacing_medium bt_bb_bottom_spacing_medium bt_bb_layout_wide bt_bb_vertical_align_top\" style=\";background-color:#fcf8f2;\"><div class=\"bt_bb_port\"><div class=\"bt_bb_cell\"><div class=\"bt_bb_cell_inner\"><div class=\"bt_bb_row_wrapper\"><div  class=\"bt_bb_row\" ><div  class=\"bt_bb_column col-xl-12 bt_bb_align_center bt_bb_vertical_align_top bt_bb_animation_fade_in animate bt_bb_padding_normal\"  data-width=\"12\" data-bt-override-class=\"{}\"><div class=\"bt_bb_column_content\"><div class=\"bt_bb_column_content_inner\"><header class=\"bt_bb_headline bt_bb_dash_none bt_bb_size_medium bt_bb_align_inherit\" data-bt-override-class=\"{&quot;bt_bb_size_&quot;:{&quot;current_class&quot;:&quot;bt_bb_size_medium&quot;,&quot;xl&quot;:&quot;medium&quot;},&quot;bt_bb_align_&quot;:{&quot;current_class&quot;:&quot;bt_bb_align_inherit&quot;,&quot;xl&quot;:&quot;inherit&quot;}}\"><h3 class=\"bt_bb_headline_tag\"><span class=\"bt_bb_headline_content\"><span>Unsere Kollektionen<\/span><\/span><\/h3><\/header><div class=\"bt_bb_separator bt_bb_bottom_spacing_normal bt_bb_border_style_none\"><\/div><\/div><\/div><\/div><\/div><\/div><div class=\"bt_bb_row_wrapper\"><div  class=\"bt_bb_row\" ><div  class=\"bt_bb_column col-xl-12 bt_bb_align_left bt_bb_vertical_align_top bt_bb_padding_normal\"  data-width=\"12\" data-bt-override-class=\"{}\"><div class=\"bt_bb_column_content\"><div class=\"bt_bb_column_content_inner\"><div class=\"bt_bb_content_slider bt_bb_gap_no_gap bt_bb_arrows_size_normal bt_bb_show_dots_bottom bt_bb_height_auto\"><div class=\"slick-slider\"  data-slick='{ \"lazyLoad\": \"progressive\", \"cssEase\": \"ease-out\", \"speed\": \"600\", \"prevArrow\": \"&lt;button type=\\\"button\\\" class=\\\"slick-prev\\\" aria-label=\\\"Previous\\\" tabindex=\\\"0\\\" role=\\\"button\\\"&gt;&lt;\/button&gt;\", \"nextArrow\": \"&lt;button type=\\\"button\\\" class=\\\"slick-next\\\" aria-label=\\\"Next\\\" tabindex=\\\"0\\\" role=\\\"button\\\"&gt;&lt;\/button&gt;\", \"adaptiveHeight\": true, \"dots\": true}' ><div class=\"bt_bb_content_slider_item\" style=\"\"><div class=\"bt_bb_content_slider_item_content content\"><div class=\"bt_bb_single_product woocommerce\"><div class=\"bt_bb_single_product_image\"><img src=\"https:\/\/ceramicaterracuita.com\/wp-content\/uploads\/2021\/02\/00llengues_collecion400x400px.png\" alt=\"Lleng\u00fces mallorquines\" title=\"Lleng\u00fces mallorquines\" ><\/div><div class=\"bt_bb_single_product_content\"><div class=\"bt_bb_single_product_title\">Lleng\u00fces mallorquines<\/div><div class=\"bt_bb_single_product_description\">Die Kollektion &#8222;lleng\u00fces mallorquines&#8222; ist von dem traditionellen mallorquinischen Stoff, auch &#8222;Zungenstoff&#8222; genannt, inspiriert. Man vermutet, dass sein Ursprung, aufgrund seiner \u00c4hnlichkeit mit dem asiatischen Ikat-Stoff, orientalisch ist &#8230;<\/div><div class=\"bt_bb_single_product_price_cart\"><p class=\"product woocommerce add_to_cart_inline \" style=\"\"><a href=\"https:\/\/ceramicaterracuita.com\/de\/productos\/llengues-mallorquines\/\" data-quantity=\"1\" class=\"button product_type_simple\" data-product_id=\"5534\" data-product_sku=\"\" aria-label=\"Lese mehr \u00fcber &#8222;Lleng\u00fces mallorquines&#8220;\" rel=\"nofollow\">Weiterlesen<\/a><\/p><\/div><\/div><\/div><div class=\"bt_bb_separator bt_bb_bottom_spacing_medium bt_bb_border_style_none\"><\/div><\/div><\/div><div class=\"bt_bb_content_slider_item\" style=\"\"><div class=\"bt_bb_content_slider_item_content content\"><div class=\"bt_bb_single_product woocommerce\"><div class=\"bt_bb_single_product_image\"><img src=\"https:\/\/ceramicaterracuita.com\/wp-content\/uploads\/2021\/02\/gres_cabezera1600x750px-1-e1613476280214.jpg\" alt=\"Gres\" title=\"Gres\" ><\/div><div class=\"bt_bb_single_product_content\"><div class=\"bt_bb_single_product_title\">Gres<\/div><div class=\"bt_bb_single_product_description\">Unser Steingeschirr aus Gres ist All-Terrain in Bezug auf Qualit\u00e4t und Haltbarkeit. Gres besteht aus nat\u00fcrlichen Verbindungen von Ton, der bei hoher Temperatur gebrannt, und mit Glasuren, die auf nat\u00fcrlichen Pigmenten basieren, gef\u00e4rbt wird.<\/div><div class=\"bt_bb_single_product_price_cart\"><p class=\"product woocommerce add_to_cart_inline \" style=\"\"><a href=\"https:\/\/ceramicaterracuita.com\/de\/productos\/gres\/\" data-quantity=\"1\" class=\"button product_type_simple\" data-product_id=\"5502\" data-product_sku=\"\" aria-label=\"Lese mehr \u00fcber &#8222;Gres&#8220;\" rel=\"nofollow\">Weiterlesen<\/a><\/p><\/div><\/div><\/div><div class=\"bt_bb_separator bt_bb_bottom_spacing_medium bt_bb_border_style_none\"><\/div><\/div><\/div><div class=\"bt_bb_content_slider_item\" style=\"\"><div class=\"bt_bb_content_slider_item_content content\"><div class=\"bt_bb_single_product woocommerce\"><div class=\"bt_bb_single_product_image\"><img src=\"https:\/\/ceramicaterracuita.com\/wp-content\/uploads\/2021\/02\/00turques_col.png\" alt=\"T\u00fcrkis\" title=\"T\u00fcrkis\" ><\/div><div class=\"bt_bb_single_product_content\"><div class=\"bt_bb_single_product_title\">T\u00fcrkis<\/div><div class=\"bt_bb_single_product_description\">Ideal f\u00fcr T\u00fcrkis-Liebhaber. Die Produkte dieser Kollektion z\u00e4hlen seit vielen Jahren zu den Beliebtesten bei der Zusammenstellung eines Tischsets. Es erinnert an das kristallklare Wasser unserer Insel. <\/div><div class=\"bt_bb_single_product_price_cart\"><p class=\"product woocommerce add_to_cart_inline \" style=\"\"><a href=\"https:\/\/ceramicaterracuita.com\/de\/productos\/turkis\/\" data-quantity=\"1\" class=\"button product_type_simple\" data-product_id=\"5562\" data-product_sku=\"\" aria-label=\"Lese mehr \u00fcber &#8222;T\u00fcrkis&#8220;\" rel=\"nofollow\">Weiterlesen<\/a><\/p><\/div><\/div><\/div><div class=\"bt_bb_separator bt_bb_bottom_spacing_medium bt_bb_border_style_none\"><\/div><\/div><\/div><div class=\"bt_bb_content_slider_item\" style=\"\"><div class=\"bt_bb_content_slider_item_content content\"><div class=\"bt_bb_single_product woocommerce\"><div class=\"bt_bb_single_product_image\"><img src=\"https:\/\/ceramicaterracuita.com\/wp-content\/uploads\/2021\/02\/coleccion4.png\" alt=\"Spezialanfertigungen\" title=\"Spezialanfertigungen\" ><\/div><div class=\"bt_bb_single_product_content\"><div class=\"bt_bb_single_product_title\">Spezialanfertigungen<\/div><div class=\"bt_bb_single_product_description\">Hier kommt unser Innovationsgeist am besten zur Geltung. Bei uns finden Sie nicht nur, wie in unseren Anf\u00e4ngen, Auflaufformen, sondern auch Geschirr und viele andere K\u00fcchen-, Bad- und Dekorationsartikel &#8230;<\/div><div class=\"bt_bb_single_product_price_cart\"><p class=\"product woocommerce add_to_cart_inline \" style=\"\"><a href=\"https:\/\/ceramicaterracuita.com\/de\/productos\/spezialanfertigungen\/\" data-quantity=\"1\" class=\"button product_type_simple\" data-product_id=\"5551\" data-product_sku=\"\" aria-label=\"Lese mehr \u00fcber &#8222;Spezialanfertigungen&#8220;\" rel=\"nofollow\">Weiterlesen<\/a><\/p><\/div><\/div><\/div><div class=\"bt_bb_separator bt_bb_bottom_spacing_medium bt_bb_border_style_none\"><\/div><\/div><\/div><div class=\"bt_bb_content_slider_item\" style=\"\"><div class=\"bt_bb_content_slider_item_content content\"><div class=\"bt_bb_single_product woocommerce\"><div class=\"bt_bb_single_product_image\"><img src=\"https:\/\/ceramicaterracuita.com\/wp-content\/uploads\/2021\/02\/00esquixat_col.png\" alt=\"Spitz-, Kratz- oder Pinselstrichtechnik ...\" title=\"Spitz-, Kratz- oder Pinselstrichtechnik ...\" ><\/div><div class=\"bt_bb_single_product_content\"><div class=\"bt_bb_single_product_title\">Spitz-, Kratz- oder Pinselstrichtechnik &#8230;<\/div><div class=\"bt_bb_single_product_description\">Wei\u00dfe Keramik erlaubt viele Verzierungstechniken. Wir kreieren Kollektionen mit Pinselstrichtechniken, Linien, Kreisen, Wellen, Farbspritzern\u2026. oder einfacher Randbemalung.<\/div><div class=\"bt_bb_single_product_price_cart\"><p class=\"product woocommerce add_to_cart_inline \" style=\"\"><a href=\"https:\/\/ceramicaterracuita.com\/de\/productos\/spitz-kratz-oder-pinselstrichtechnik\/\" data-quantity=\"1\" class=\"button product_type_simple\" data-product_id=\"5543\" data-product_sku=\"\" aria-label=\"Lese mehr \u00fcber &#8222;Spitz-, Kratz- oder Pinselstrichtechnik ...&#8220;\" rel=\"nofollow\">Weiterlesen<\/a><\/p><\/div><\/div><\/div><div class=\"bt_bb_separator bt_bb_bottom_spacing_medium bt_bb_border_style_none\"><\/div><\/div><\/div><\/div><\/div><\/div><\/div><\/div><\/div><\/div><\/div><\/div><\/div><\/section><\/div>","protected":false},"excerpt":{"rendered":"<p class=\"p1\">Man sagt, dass es sich um die traditionelle mallorquinische Version handelt, die in Farbe gehalten wird. Wir haben dem rustikalen Geschirr aus braunem Ton eine neue Dimension verliehen, indem wir ihm verschiedene Farben geben und damit die Einheitlichkeit brechen. Jedes Detail z\u00e4hlt im \u201eHome Sweet Home\u201c, daher bem\u00fchen wir uns, dass unsere Produkt nicht nur dekorativ sondern auch funktionell sind. Wir passen gerne unsere Produkt an Ihre Vorstellung an und personalisieren sie: Schalen, Gl\u00e4ser, Tassen, Salatsch\u00fcsseln, Tortilladreher usw. Wir passen gerne unsere Produkt an Ihre Vorstellung an und personalisieren sie: Schalen, Gl\u00e4ser, Tassen, Salatsch\u00fcsseln, Tortilladreher usw. Die Farben, die wir am h\u00e4ufigsten verwenden, sind T\u00fcrkis, Blau, Pistaziengr\u00fcn, Tiefgr\u00fcn, Rot, Orange, Gelb, Lila und Grau.<\/p>\n<p class=\"p2\">Bei uns finden Sie auch die traditionellen Greixoneres, Auflaufformen, T\u00f6pfe, Obstschalen, \u00d6lkannen, Sch\u00f6pfl\u00f6ffel, Gl\u00e4ser, Kr\u00fcge, &#8230; alles hergestellt in Mallorca, mit Ma\u00dfen zwischen 10 und 70 cm. Mit unseren Tonprodukten bringen Sie viel W\u00e4rme und Mallorca-Feeling in ihr Haus und auf ihren Tisch. Sie erm\u00f6glichen ein langsames Garen und eine angemessene Luftfeuchtigkeit \u00fcber vielen W\u00e4rmequellen.<\/p>\n","protected":false},"featured_media":5522,"comment_status":"closed","ping_status":"closed","template":"","meta":[],"yoast_head":"<!-- This site is optimized with the Yoast SEO plugin v16.2 - https:\/\/yoast.com\/wordpress\/plugins\/seo\/ -->\n<title>Traditionelle farbige oder Terrakotta-Keramik - Terra Cer\u00e0mica Mallorca<\/title>\n<meta name=\"robots\" content=\"index, follow, max-snippet:-1, max-image-preview:large, max-video-preview:-1\" \/>\n<link rel=\"canonical\" href=\"https:\/\/ceramicaterracuita.com\/de\/productos\/traditionelle-farbige-oder-terrakotta-keramik\/\" \/>\n<meta property=\"og:locale\" content=\"de_DE\" \/>\n<meta property=\"og:type\" content=\"article\" \/>\n<meta property=\"og:title\" content=\"Traditionelle farbige oder Terrakotta-Keramik - Terra Cer\u00e0mica Mallorca\" \/>\n<meta property=\"og:description\" content=\"Man sagt, dass es sich um die traditionelle mallorquinische Version handelt, die in Farbe gehalten wird. Wir haben dem rustikalen Geschirr aus braunem Ton eine neue Dimension verliehen, indem wir ihm verschiedene Farben geben und damit die Einheitlichkeit brechen. Jedes Detail z\u00e4hlt im \u201eHome Sweet Home\u201c, daher bem\u00fchen wir uns, dass unsere Produkt nicht nur dekorativ sondern auch funktionell sind. Wir passen gerne unsere Produkt an Ihre Vorstellung an und personalisieren sie: Schalen, Gl\u00e4ser, Tassen, Salatsch\u00fcsseln, Tortilladreher usw. Wir passen gerne unsere Produkt an Ihre Vorstellung an und personalisieren sie: Schalen, Gl\u00e4ser, Tassen, Salatsch\u00fcsseln, Tortilladreher usw. Die Farben, die wir am h\u00e4ufigsten verwenden, sind T\u00fcrkis, Blau, Pistaziengr\u00fcn, Tiefgr\u00fcn, Rot, Orange, Gelb, Lila und Grau. Bei uns finden Sie auch die traditionellen Greixoneres, Auflaufformen, T\u00f6pfe, Obstschalen, \u00d6lkannen, Sch\u00f6pfl\u00f6ffel, Gl\u00e4ser, Kr\u00fcge, ... alles hergestellt in Mallorca, mit Ma\u00dfen zwischen 10 und 70 cm. Mit unseren Tonprodukten bringen Sie viel W\u00e4rme und Mallorca-Feeling in ihr Haus und auf ihren Tisch. Sie erm\u00f6glichen ein langsames Garen und eine angemessene Luftfeuchtigkeit \u00fcber vielen W\u00e4rmequellen.\" \/>\n<meta property=\"og:url\" content=\"https:\/\/ceramicaterracuita.com\/de\/productos\/traditionelle-farbige-oder-terrakotta-keramik\/\" \/>\n<meta property=\"og:site_name\" content=\"Terra Cer\u00e0mica Mallorca\" \/>\n<meta property=\"article:modified_time\" content=\"2021-05-28T14:51:35+00:00\" \/>\n<meta property=\"og:image\" content=\"http:\/\/ceramicaterracuita.com\/wp-content\/uploads\/2021\/02\/00_greixeires_cabezera1600x700px.jpg\" \/>\n\t<meta property=\"og:image:width\" content=\"1600\" \/>\n\t<meta property=\"og:image:height\" content=\"700\" \/>\n<meta name=\"twitter:card\" content=\"summary_large_image\" \/>\n<meta name=\"twitter:label1\" content=\"Gesch\u00e4tzte Lesezeit\">\n\t<meta name=\"twitter:data1\" content=\"7\u00a0Minuten\">\n<script type=\"application\/ld+json\" class=\"yoast-schema-graph\">{\"@context\":\"https:\/\/schema.org\",\"@graph\":[{\"@type\":\"Organization\",\"@id\":\"https:\/\/ceramicaterracuita.com\/#organization\",\"name\":\"Terra Cer\\u00e1mica Mallorca\",\"url\":\"https:\/\/ceramicaterracuita.com\/\",\"sameAs\":[],\"logo\":{\"@type\":\"ImageObject\",\"@id\":\"https:\/\/ceramicaterracuita.com\/#logo\",\"inLanguage\":\"de\",\"url\":\"https:\/\/ceramicaterracuita.com\/wp-content\/uploads\/2021\/01\/logo_transp.png\",\"contentUrl\":\"https:\/\/ceramicaterracuita.com\/wp-content\/uploads\/2021\/01\/logo_transp.png\",\"width\":230,\"height\":80,\"caption\":\"Terra Cer\\u00e1mica Mallorca\"},\"image\":{\"@id\":\"https:\/\/ceramicaterracuita.com\/#logo\"}},{\"@type\":\"WebSite\",\"@id\":\"https:\/\/ceramicaterracuita.com\/#website\",\"url\":\"https:\/\/ceramicaterracuita.com\/\",\"name\":\"Terra Cer\\u00e0mica Mallorca\",\"description\":\"F\\u00e1brica cer\\u00e1mica Mallorca portal Terra Cuita, artesania barro fabrica Mallorca, productos t\\u00edpicos Mallorca decoraci\\u00f3n vajilla artesana.\",\"publisher\":{\"@id\":\"https:\/\/ceramicaterracuita.com\/#organization\"},\"potentialAction\":[{\"@type\":\"SearchAction\",\"target\":\"https:\/\/ceramicaterracuita.com\/?s={search_term_string}\",\"query-input\":\"required name=search_term_string\"}],\"inLanguage\":\"de\"},{\"@type\":\"ImageObject\",\"@id\":\"https:\/\/ceramicaterracuita.com\/de\/productos\/traditionelle-farbige-oder-terrakotta-keramik\/#primaryimage\",\"inLanguage\":\"de\",\"url\":\"https:\/\/ceramicaterracuita.com\/wp-content\/uploads\/2021\/02\/00_greixeires_cabezera1600x700px.jpg\",\"contentUrl\":\"https:\/\/ceramicaterracuita.com\/wp-content\/uploads\/2021\/02\/00_greixeires_cabezera1600x700px.jpg\",\"width\":1600,\"height\":700},{\"@type\":\"WebPage\",\"@id\":\"https:\/\/ceramicaterracuita.com\/de\/productos\/traditionelle-farbige-oder-terrakotta-keramik\/#webpage\",\"url\":\"https:\/\/ceramicaterracuita.com\/de\/productos\/traditionelle-farbige-oder-terrakotta-keramik\/\",\"name\":\"Traditionelle farbige oder Terrakotta-Keramik - Terra Cer\\u00e0mica Mallorca\",\"isPartOf\":{\"@id\":\"https:\/\/ceramicaterracuita.com\/#website\"},\"primaryImageOfPage\":{\"@id\":\"https:\/\/ceramicaterracuita.com\/de\/productos\/traditionelle-farbige-oder-terrakotta-keramik\/#primaryimage\"},\"datePublished\":\"2021-05-28T13:15:54+00:00\",\"dateModified\":\"2021-05-28T14:51:35+00:00\",\"breadcrumb\":{\"@id\":\"https:\/\/ceramicaterracuita.com\/de\/productos\/traditionelle-farbige-oder-terrakotta-keramik\/#breadcrumb\"},\"inLanguage\":\"de\",\"potentialAction\":[{\"@type\":\"ReadAction\",\"target\":[\"https:\/\/ceramicaterracuita.com\/de\/productos\/traditionelle-farbige-oder-terrakotta-keramik\/\"]}]},{\"@type\":\"BreadcrumbList\",\"@id\":\"https:\/\/ceramicaterracuita.com\/de\/productos\/traditionelle-farbige-oder-terrakotta-keramik\/#breadcrumb\",\"itemListElement\":[{\"@type\":\"ListItem\",\"position\":1,\"item\":{\"@type\":\"WebPage\",\"@id\":\"https:\/\/ceramicaterracuita.com\/de\/\",\"url\":\"https:\/\/ceramicaterracuita.com\/de\/\",\"name\":\"Portada\"}},{\"@type\":\"ListItem\",\"position\":2,\"item\":{\"@type\":\"WebPage\",\"@id\":\"\",\"url\":\"\",\"name\":\"\"}},{\"@type\":\"ListItem\",\"position\":3,\"item\":{\"@id\":\"https:\/\/ceramicaterracuita.com\/de\/productos\/traditionelle-farbige-oder-terrakotta-keramik\/#webpage\"}}]}]}<\/script>\n<!-- \/ Yoast SEO plugin. -->","_links":{"self":[{"href":"https:\/\/ceramicaterracuita.com\/de\/wp-json\/wp\/v2\/product\/5521"}],"collection":[{"href":"https:\/\/ceramicaterracuita.com\/de\/wp-json\/wp\/v2\/product"}],"about":[{"href":"https:\/\/ceramicaterracuita.com\/de\/wp-json\/wp\/v2\/types\/product"}],"replies":[{"embeddable":true,"href":"https:\/\/ceramicaterracuita.com\/de\/wp-json\/wp\/v2\/comments?post=5521"}],"wp:featuredmedia":[{"embeddable":true,"href":"https:\/\/ceramicaterracuita.com\/de\/wp-json\/wp\/v2\/media\/5522"}],"wp:attachment":[{"href":"https:\/\/ceramicaterracuita.com\/de\/wp-json\/wp\/v2\/media?parent=5521"}],"curies":[{"name":"wp","href":"https:\/\/api.w.org\/{rel}","templated":true}]}}