{"id":5476,"date":"2021-05-28T11:35:37","date_gmt":"2021-05-28T11:35:37","guid":{"rendered":"https:\/\/ceramicaterracuita.com\/shops\/"},"modified":"2025-10-11T22:27:20","modified_gmt":"2025-10-11T22:27:20","slug":"shops","status":"publish","type":"page","link":"https:\/\/ceramicaterracuita.com\/de\/shops\/","title":{"rendered":"Gesch\u00e4fte"},"content":{"rendered":"<div class=\"bt_bb_wrapper\"><section id=\"bt_bb_section69e8f8ddeecec\"  class=\"bt_bb_section bt_bb_color_scheme_2 bt_bb_layout_wide bt_bb_full_screen bt_bb_vertical_align_middle\" ><div class=\"bt_bb_port\"><div class=\"bt_bb_cell\"><div class=\"bt_bb_cell_inner\"><div class=\"bt_bb_row_wrapper\"><div  class=\"bt_bb_row\" ><div  class=\"bt_bb_column col-xl-12 bt_bb_align_center bt_bb_vertical_align_top bt_bb_animation_fade_in animate bt_bb_padding_normal\"  data-width=\"12\" data-bt-override-class=\"{}\"><div class=\"bt_bb_column_content\"><div class=\"bt_bb_column_content_inner\"><div class=\"bt_bb_content_slider bt_bb_gap_no_gap bt_bb_arrows_size_normal bt_bb_show_dots_bottom bt_bb_height_full_screen bt_bb_animation_slide\"><div class=\"slick-slider\"  data-slick='{ \"lazyLoad\": \"progressive\", \"cssEase\": \"ease-out\", \"speed\": \"600\", \"prevArrow\": \"&lt;button type=\\\"button\\\" class=\\\"slick-prev\\\" aria-label=\\\"Previous\\\" tabindex=\\\"0\\\" role=\\\"button\\\"&gt;&lt;\/button&gt;\", \"nextArrow\": \"&lt;button type=\\\"button\\\" class=\\\"slick-next\\\" aria-label=\\\"Next\\\" tabindex=\\\"0\\\" role=\\\"button\\\"&gt;&lt;\/button&gt;\", \"adaptiveHeight\": true, \"dots\": true,\"autoplay\": true, \"autoplaySpeed\": 4000}' ><div class=\"bt_bb_content_slider_item\" style=\";background-image:url(https:\/\/ceramicaterracuita.com\/wp-content\/uploads\/2021\/04\/home2_principal1600x700.jpg)\"><div class=\"bt_bb_content_slider_item_content content\"><div class=\"tienda \">\n<div class=\"cajatienda\">\n<div class=\"headertienda\">\n<h2>Santany\u00ed<\/h2>\n<\/div>\n<div class=\"bodytienda\">\nIn dieser Stadt voll wundersch\u00f6ner Steinstra\u00dfen und der privilegierten Naturumgebung, ganz in der N\u00e4he des fabelhaften Naturparks Mondrag\u00f3, befindet sich eines unserer TERRA Cer\u00e1mica-Gesch\u00e4fte. Direkt im Herzen von Santany\u00ed, in der Fu\u00dfg\u00e4ngerzone, wo das ganze Jahr \u00fcber jeden Mittwoch und Samstag der  Wochenmarkt stattfindet. Eine gro\u00dfe Auswahl an einzigartigen Kunsthandwerk- und Keramikst\u00fccken erwartet Sie mit unseren neuesten Kollektionen, die immer vom mallorquinischen Lebensstil inspiriert sind. Wir haben eine gro\u00dfe Auswahl an Geschirr, von traditionellen und rustikalen Linien bis zur Modernsten.\n\n<\/div>\n<a href=\"\/de\/kontakt\"><div class=\"enlacetienda\">Siehe Standort<\/div><\/a>\n<\/div>\n<\/div><\/div><\/div><div class=\"bt_bb_content_slider_item\" style=\";background-image:url(https:\/\/ceramicaterracuita.com\/wp-content\/uploads\/2021\/04\/homePalma_principal1600x700.jpg)\"><div class=\"bt_bb_content_slider_item_content content\"><div class=\"tienda\">\n<div class=\"cajatienda\">\n<div class=\"headertienda\">\n<h2>Palma de Mallorca<\/h2>\n<\/div>\n<div class=\"bodytienda\">\n\nIm Herzen der Hauptstadt, in einem der charmantesten Viertel von Palma mit einem gro\u00dfartigen gastronomischen, Freizeit- und Kulturangebot, finden Sie eines unserer sch\u00f6nen Gesch\u00e4fte mit Innenstadtcharme,  dessen exklusive Auswahl an Kunsthandwerkprodukten es f\u00fcr ihr zu Hause einzigartig macht. Kommen Sie vorbei, entdecken Sie unsere selbst hergestellten Keramikkollektionen. F\u00fcr jedes personalisierte Keramikst\u00fcck beraten wir Sie gerne detailliert.\n<br>\nVerbinden Sie ihren Besuch auch mit einer Stadttour um die gro\u00dfen monumentalen Werke der mallorquinischen Geschichte wie La Seu, sa Llotja und das Schloss von Bellver zu besichtigen und auf einer kleinen Terrasse einen guten Kaffee zu trinken und eine klassische mallorquinische Ensaimada zu probieren.\n\n\n<\/div>\n<a href=\"\/de\/kontakt\"><div class=\"enlacetienda\">Siehe Standort<\/div><\/a>\n<\/div>\n\n<\/div>\n\n<\/div><\/div><div class=\"bt_bb_content_slider_item\" style=\";background-image:url(https:\/\/ceramicaterracuita.com\/wp-content\/uploads\/2021\/04\/tienda_PPollensa_1600x700.jpg)\"><div class=\"bt_bb_content_slider_item_content content\"><div class=\"tienda\">\n<div class=\"cajatienda\">\n<div class=\"headertienda\">\n<h2>Port de Pollen\u00e7a<\/h2>\n<\/div>\n<div class=\"bodytienda\">\nGanz in der N\u00e4he des Fischerkais und der Strandpromenade finden Sie unser Gesch\u00e4ft mit Keramik, Korbwaren und anderem Kunsthandwerk f\u00fcr Ihr zu Hause. Falls Sie sich f\u00fcr einen Besuch in Port de Pollen\u00e7a entscheiden oder auf der Durchreise sind um einige der sch\u00f6nsten Buchten und Pl\u00e4tze von Formentor zu sehen, empfohlen wir ihnen warmherzigst einen Besuch in unserem Gesch\u00e4ft, welches so nahe am Wasser liegt.\n<br>\n<br>\nDer Hafen von Pollen\u00e7a im Nordosten der Insel ist ein Ort, der seit Jahrzehnten eine gro\u00dfe Anzahl von Urlaubern anzieht. Der gleiche Ort, der Agatha Christie dazu inspiriert hat, einen ihrer Romane zu schreiben. Finden Sie selbst heraus, warum dieses Reiseziel zwischen den Tramuntana-Bergen so viel Charme hat!\n\n<\/div>\n<a href=\"\/de\/kontakt\"><div class=\"enlacetienda\">Siehe Standort<\/div><\/a>\n<\/div>\n\n<\/div><\/div><\/div><\/div><\/div><\/div><\/div><\/div><\/div><\/div><\/div><\/div><\/div><\/section><section id=\"bt_bb_section69e8f8ddef293\"  class=\"bt_bb_section bt_bb_top_spacing_medium bt_bb_bottom_spacing_normal bt_bb_layout_wide bt_bb_vertical_align_top\" style=\";background-color:#fcf8f2;\"><div class=\"bt_bb_port\"><div class=\"bt_bb_cell\"><div class=\"bt_bb_cell_inner\"><div class=\"bt_bb_row_wrapper\"><div  class=\"bt_bb_row\" ><div  class=\"bt_bb_column col-xl-12 bt_bb_align_left bt_bb_vertical_align_top bt_bb_padding_normal\"  data-width=\"12\" data-bt-override-class=\"{}\"><div class=\"bt_bb_column_content\"><div class=\"bt_bb_column_content_inner\"><header class=\"bt_bb_headline bt_bb_dash_none bt_bb_size_inherit bt_bb_align_center\" style=\"color:#d77804;\" data-bt-override-class=\"{&quot;bt_bb_size_&quot;:{&quot;current_class&quot;:&quot;bt_bb_size_inherit&quot;,&quot;xl&quot;:&quot;inherit&quot;},&quot;bt_bb_align_&quot;:{&quot;current_class&quot;:&quot;bt_bb_align_center&quot;,&quot;xl&quot;:&quot;center&quot;}}\"><h2 class=\"bt_bb_headline_tag\"><span class=\"bt_bb_headline_content\"><span>UNSERE SHOPS<\/span><\/span><\/h2><\/header><\/div><\/div><\/div><\/div><\/div><\/div><\/div><\/div><\/section><section id=\"bt_bb_section69e8f8ddef3b0\"  class=\"bt_bb_section bt_bb_top_spacing_extra_small bt_bb_bottom_spacing_normal bt_bb_color_scheme_2 bt_bb_layout_boxed_1600 bt_bb_vertical_align_top\" style=\";background-color:#fcf8f2;\"><div class=\"bt_bb_port\"><div class=\"bt_bb_cell\"><div class=\"bt_bb_cell_inner\"><div class=\"bt_bb_row_wrapper\"><div  class=\"bt_bb_row\" ><div  class=\"bt_bb_column col-xl-3 bt_bb_align_left bt_bb_vertical_align_top bt_bb_padding_normal\"  data-width=\"3\" data-bt-override-class=\"{}\"><div class=\"bt_bb_column_content\"><div class=\"bt_bb_column_content_inner\"><div  class=\"bt_bb_row_inner\" ><div  class=\"bt_bb_column_inner col-xl-4 bt_bb_align_center bt_bb_vertical_align_top bt_bb_padding_normal\"  data-width=\"4\" data-bt-override-class=\"{}\"><div class=\"bt_bb_column_inner_content\"><div class=\"bt_bb_icon bt_bb_style_borderless bt_bb_size_large bt_bb_shape_circle bt_bb_align_inherit\" data-bt-override-class=\"{}\"><span  data-ico-icon7stroke=\"&#xe6bb;\" class=\"bt_bb_icon_holder\"><\/span><\/div><\/div><\/div><div  class=\"bt_bb_column_inner col-xl-8 bt_bb_align_left bt_bb_vertical_align_top\"  data-width=\"8\" data-bt-override-class=\"{}\"><div class=\"bt_bb_column_inner_content\"><div  class=\"bt_bb_text\" ><h6>SANTANYI<\/h6>\n<p class=\"p1\"><strong>Carrer Portell 15<br \/>\n07650 Santany\u00ed<br \/>\nT: +34 609 74 71 62<\/strong><\/p>\n<p class=\"p1\">Im Herzen von Santany\u00ed, in der Fu\u00dfg\u00e4ngerzone, wo das ganze Jahr \u00fcber jeden Mittwoch und Samstag der Wochenmarkt organisiert wird, erwartet Sie eine gro\u00dfe Auswahl an einzigartigen Kunsthandwerks- und Keramikst\u00fccken, die vom Lebensstil Mallorcas inspiriert sind.<\/p>\n<\/div><\/div><\/div><\/div><\/div><\/div><\/div><div  class=\"bt_bb_column col-xl-3 bt_bb_align_left bt_bb_vertical_align_top bt_bb_padding_normal\"  data-width=\"3\" data-bt-override-class=\"{}\"><div class=\"bt_bb_column_content\"><div class=\"bt_bb_column_content_inner\"><div  class=\"bt_bb_row_inner\" ><div  class=\"bt_bb_column_inner col-xl-4 bt_bb_align_center bt_bb_vertical_align_top bt_bb_padding_normal\"  data-width=\"4\" data-bt-override-class=\"{}\"><div class=\"bt_bb_column_inner_content\"><div class=\"bt_bb_icon bt_bb_style_borderless bt_bb_size_large bt_bb_shape_circle bt_bb_align_inherit\" data-bt-override-class=\"{}\"><span  data-ico-icon7stroke=\"&#xe6bb;\" class=\"bt_bb_icon_holder\"><\/span><\/div><\/div><\/div><div  class=\"bt_bb_column_inner col-xl-8 bt_bb_align_left bt_bb_vertical_align_top\"  data-width=\"8\" data-bt-override-class=\"{}\"><div class=\"bt_bb_column_inner_content\"><div  class=\"bt_bb_text\" ><h6>PALMA DE MALLORCA<\/h6>\n<p class=\"p1\"><strong>Carrer de la Protectora, 1<br \/>\n07012 Palma<br \/>\nT: +34 971 40 87 85<br \/>\n<\/strong><\/p>\n<p class=\"p1\">Im Herzen von Palma, finden Sie unseren TERRA Ceramica Shop, dessen exklusive Auswahl an Kunsthandwerk- und Haushaltsprodukten ihn wirklich einzigartig macht.<\/p>\n<\/div><\/div><\/div><\/div><\/div><\/div><\/div><div  class=\"bt_bb_column col-xl-3 bt_bb_align_left bt_bb_vertical_align_top bt_bb_padding_normal\"  data-width=\"3\" data-bt-override-class=\"{}\"><div class=\"bt_bb_column_content\"><div class=\"bt_bb_column_content_inner\"><div  class=\"bt_bb_row_inner\" ><div  class=\"bt_bb_column_inner col-xl-4 bt_bb_align_center bt_bb_vertical_align_top bt_bb_padding_normal\"  data-width=\"4\" data-bt-override-class=\"{}\"><div class=\"bt_bb_column_inner_content\"><div class=\"bt_bb_icon bt_bb_style_borderless bt_bb_size_large bt_bb_shape_circle bt_bb_align_inherit\" data-bt-override-class=\"{}\"><span  data-ico-icon7stroke=\"&#xe6bb;\" class=\"bt_bb_icon_holder\"><\/span><\/div><\/div><\/div><div  class=\"bt_bb_column_inner col-xl-8 bt_bb_align_left bt_bb_vertical_align_top\"  data-width=\"8\" data-bt-override-class=\"{}\"><div class=\"bt_bb_column_inner_content\"><div  class=\"bt_bb_text\" ><h6>PORT DE POLLENSA<\/h6>\n<p class=\"p1\"><strong>Passeig d\u2019Anglada Camarasa, 89<br \/>\n07470 Port Pollensa<br \/>\nT: +34 971 86 57 77<br \/>\n<\/strong><\/p>\n<p class=\"p1\">Ganz in der N\u00e4he des Fischerkais und der Strandpromenade, umgeben von einem gro\u00dfartigen gastronomischen Angebot, befindet sich <span class=\"s1\">unser TERRA Ceramica Shop mit Keramik, Korbwaren und anderen handwerklichen Gegenst\u00e4nde f\u00fcr ihr Zuhause.<\/span><\/p>\n<\/div><\/div><\/div><\/div><\/div><\/div><\/div><div  class=\"bt_bb_column col-xl-3 bt_bb_align_left bt_bb_vertical_align_top bt_bb_padding_normal\"  data-width=\"3\" data-bt-override-class=\"{}\"><div class=\"bt_bb_column_content\"><div class=\"bt_bb_column_content_inner\"><div  class=\"bt_bb_row_inner\" ><div  class=\"bt_bb_column_inner col-xl-4 bt_bb_align_center bt_bb_vertical_align_top bt_bb_padding_normal\"  data-width=\"4\" data-bt-override-class=\"{}\"><div class=\"bt_bb_column_inner_content\"><div class=\"bt_bb_icon bt_bb_style_borderless bt_bb_size_large bt_bb_shape_circle bt_bb_align_inherit\" data-bt-override-class=\"{}\"><span  data-ico-icon7stroke=\"&#xe6bb;\" class=\"bt_bb_icon_holder\"><\/span><\/div><\/div><\/div><div  class=\"bt_bb_column_inner col-xl-8 bt_bb_align_left bt_bb_vertical_align_top\"  data-width=\"8\" data-bt-override-class=\"{}\"><div class=\"bt_bb_column_inner_content\"><div  class=\"bt_bb_text\" ><h6>POLLENSA<\/h6>\n<div class=\"desktop-title-content\">\n<p><strong>C\/ Miquel Costa i Llobera 5<br \/>\n<\/strong><strong><span class=\"desktop-title-subcontent\">07460 Pollensa<\/span><\/strong><\/p>\n<p>Unser Gesch\u00e4ft in Pollensa befindet sich in einer der sch\u00f6nen Fu\u00dfg\u00e4ngerzonen der Stadt. Der ideale Ort, um alles zu finden was das das Handwerkliebhaber-Herz begehrt. Von sch\u00f6nem Geschirr f\u00fcr Ihr Zuhause bis hin zum idealen Geschenkdetail.<\/p>\n<\/div>\n<\/div><\/div><\/div><\/div><\/div><\/div><\/div><\/div><\/div><\/div><\/div><\/div><\/section><section id=\"bt_bb_section69e8f8de0d624\" data-parallax=\"0\" data-parallax-offset=\"0\" class=\"bt_bb_section bt_bb_layout_boxed_1600 bt_bb_vertical_align_top bt_bb_background_image bt_bb_parallax banner2\" style=\"background-image:url(&#039;https:\/\/ceramicaterracuita.com\/wp-content\/uploads\/2021\/04\/fondo_banner.jpg&#039;);display:none;\"><div class=\"bt_bb_port\"><div class=\"bt_bb_cell\"><div class=\"bt_bb_cell_inner\"><div class=\"bt_bb_row_wrapper\"><div  class=\"bt_bb_row\" ><div  class=\"bt_bb_column col-xl-12 bt_bb_align_center bt_bb_vertical_align_middle bt_bb_animation_fade_in animate bt_bb_padding_normal\" style=\"padding-left:20%; padding-right:20%;\" data-width=\"12\" data-bt-override-class=\"{&quot;bt_bb_align_&quot;:{&quot;current_class&quot;:&quot;bt_bb_align_center&quot;,&quot;xl&quot;:&quot;center&quot;}}\"><div class=\"bt_bb_column_content\"><div class=\"bt_bb_column_content_inner\"><div class=\"bt_bb_separator bt_bb_top_spacing_medium bt_bb_bottom_spacing_medium bt_bb_border_style_none\"><\/div><div  class=\"bt_bb_row_inner\" ><div  class=\"bt_bb_column_inner col-xl-12 bt_bb_align_center bt_bb_vertical_align_middle bt_bb_padding_normal\" style=\"padding:10px;background-color:rgba(10, 10, 10, 0.8);\" data-width=\"12\" data-bt-override-class=\"{&quot;bt_bb_align_&quot;:{&quot;current_class&quot;:&quot;bt_bb_align_center&quot;,&quot;xl&quot;:&quot;center&quot;}}\"><div class=\"bt_bb_column_inner_content\"><header class=\"bt_bb_headline bt_bb_color_scheme_13 bt_bb_dash_none bt_bb_size_medium bt_bb_align_center\" style=\"color:#c5a673; padding:10px;;color:#c5a673;border-color:#c5a673;\" data-bt-override-class=\"{&quot;bt_bb_size_&quot;:{&quot;current_class&quot;:&quot;bt_bb_size_medium&quot;,&quot;xl&quot;:&quot;medium&quot;},&quot;bt_bb_align_&quot;:{&quot;current_class&quot;:&quot;bt_bb_align_center&quot;,&quot;xl&quot;:&quot;center&quot;}}\"><h1 class=\"bt_bb_headline_tag\"><span class=\"bt_bb_headline_content\"><span>BESUCHEN SIE UNSEREN LIFESTYLE STORE IN SANTANY\u00cd<\/span><\/span><\/h1><\/header><div class=\"bt_bb_separator bt_bb_top_spacing_normal bt_bb_border_style_none\"><\/div><div class=\"bt_bb_button bt_bb_icon_position_left bt_bb_style_outline bt_bb_size_small bt_bb_width_inline bt_bb_shape_inherit bt_bb_align_inherit\" style=\"color:#C5A673; border:1px solid #C5A673;\" data-bt-override-class=\"{&quot;bt_bb_size_&quot;:{&quot;current_class&quot;:&quot;bt_bb_size_small&quot;,&quot;xl&quot;:&quot;small&quot;},&quot;bt_bb_align_&quot;:{&quot;current_class&quot;:&quot;bt_bb_align_inherit&quot;,&quot;xl&quot;:&quot;inherit&quot;}}\"><a href=\"#\" target=\"_self\" class=\"bt_bb_link\" title=\"Mehr info\"><span class=\"bt_bb_button_text\">Mehr info<\/span><\/a><\/div><\/div><\/div><\/div><div class=\"bt_bb_separator bt_bb_top_spacing_medium bt_bb_bottom_spacing_medium bt_bb_border_style_none\"><\/div><\/div><\/div><\/div><\/div><\/div><\/div><\/div><\/div><\/section><\/div>","protected":false},"excerpt":{"rendered":"","protected":false},"author":1,"featured_media":0,"parent":0,"menu_order":0,"comment_status":"closed","ping_status":"closed","template":"","meta":[],"yoast_head":"<!-- This site is optimized with the Yoast SEO plugin v16.2 - https:\/\/yoast.com\/wordpress\/plugins\/seo\/ -->\n<title>Gesch\u00e4fte - Terra Cer\u00e0mica Mallorca<\/title>\n<meta name=\"robots\" content=\"index, follow, max-snippet:-1, max-image-preview:large, max-video-preview:-1\" \/>\n<link rel=\"canonical\" href=\"https:\/\/ceramicaterracuita.com\/de\/shops\/\" \/>\n<meta property=\"og:locale\" content=\"de_DE\" \/>\n<meta property=\"og:type\" content=\"article\" \/>\n<meta property=\"og:title\" content=\"Gesch\u00e4fte - Terra Cer\u00e0mica Mallorca\" \/>\n<meta property=\"og:url\" content=\"https:\/\/ceramicaterracuita.com\/de\/shops\/\" \/>\n<meta property=\"og:site_name\" content=\"Terra Cer\u00e0mica Mallorca\" \/>\n<meta property=\"article:modified_time\" content=\"2025-10-11T22:27:20+00:00\" \/>\n<meta name=\"twitter:card\" content=\"summary_large_image\" \/>\n<meta name=\"twitter:label1\" content=\"Gesch\u00e4tzte Lesezeit\">\n\t<meta name=\"twitter:data1\" content=\"10\u00a0Minuten\">\n<script type=\"application\/ld+json\" class=\"yoast-schema-graph\">{\"@context\":\"https:\/\/schema.org\",\"@graph\":[{\"@type\":\"Organization\",\"@id\":\"https:\/\/ceramicaterracuita.com\/#organization\",\"name\":\"Terra Cer\\u00e1mica Mallorca\",\"url\":\"https:\/\/ceramicaterracuita.com\/\",\"sameAs\":[],\"logo\":{\"@type\":\"ImageObject\",\"@id\":\"https:\/\/ceramicaterracuita.com\/#logo\",\"inLanguage\":\"de\",\"url\":\"https:\/\/ceramicaterracuita.com\/wp-content\/uploads\/2021\/01\/logo_transp.png\",\"contentUrl\":\"https:\/\/ceramicaterracuita.com\/wp-content\/uploads\/2021\/01\/logo_transp.png\",\"width\":230,\"height\":80,\"caption\":\"Terra Cer\\u00e1mica Mallorca\"},\"image\":{\"@id\":\"https:\/\/ceramicaterracuita.com\/#logo\"}},{\"@type\":\"WebSite\",\"@id\":\"https:\/\/ceramicaterracuita.com\/#website\",\"url\":\"https:\/\/ceramicaterracuita.com\/\",\"name\":\"Terra Cer\\u00e0mica Mallorca\",\"description\":\"F\\u00e1brica cer\\u00e1mica Mallorca portal Terra Cuita, artesania barro fabrica Mallorca, productos t\\u00edpicos Mallorca decoraci\\u00f3n vajilla artesana.\",\"publisher\":{\"@id\":\"https:\/\/ceramicaterracuita.com\/#organization\"},\"potentialAction\":[{\"@type\":\"SearchAction\",\"target\":\"https:\/\/ceramicaterracuita.com\/?s={search_term_string}\",\"query-input\":\"required name=search_term_string\"}],\"inLanguage\":\"de\"},{\"@type\":\"WebPage\",\"@id\":\"https:\/\/ceramicaterracuita.com\/de\/shops\/#webpage\",\"url\":\"https:\/\/ceramicaterracuita.com\/de\/shops\/\",\"name\":\"Gesch\\u00e4fte - Terra Cer\\u00e0mica Mallorca\",\"isPartOf\":{\"@id\":\"https:\/\/ceramicaterracuita.com\/#website\"},\"datePublished\":\"2021-05-28T11:35:37+00:00\",\"dateModified\":\"2025-10-11T22:27:20+00:00\",\"breadcrumb\":{\"@id\":\"https:\/\/ceramicaterracuita.com\/de\/shops\/#breadcrumb\"},\"inLanguage\":\"de\",\"potentialAction\":[{\"@type\":\"ReadAction\",\"target\":[\"https:\/\/ceramicaterracuita.com\/de\/shops\/\"]}]},{\"@type\":\"BreadcrumbList\",\"@id\":\"https:\/\/ceramicaterracuita.com\/de\/shops\/#breadcrumb\",\"itemListElement\":[{\"@type\":\"ListItem\",\"position\":1,\"item\":{\"@type\":\"WebPage\",\"@id\":\"https:\/\/ceramicaterracuita.com\/de\/\",\"url\":\"https:\/\/ceramicaterracuita.com\/de\/\",\"name\":\"Portada\"}},{\"@type\":\"ListItem\",\"position\":2,\"item\":{\"@id\":\"https:\/\/ceramicaterracuita.com\/de\/shops\/#webpage\"}}]}]}<\/script>\n<!-- \/ Yoast SEO plugin. -->","_links":{"self":[{"href":"https:\/\/ceramicaterracuita.com\/de\/wp-json\/wp\/v2\/pages\/5476"}],"collection":[{"href":"https:\/\/ceramicaterracuita.com\/de\/wp-json\/wp\/v2\/pages"}],"about":[{"href":"https:\/\/ceramicaterracuita.com\/de\/wp-json\/wp\/v2\/types\/page"}],"author":[{"embeddable":true,"href":"https:\/\/ceramicaterracuita.com\/de\/wp-json\/wp\/v2\/users\/1"}],"replies":[{"embeddable":true,"href":"https:\/\/ceramicaterracuita.com\/de\/wp-json\/wp\/v2\/comments?post=5476"}],"version-history":[{"count":6,"href":"https:\/\/ceramicaterracuita.com\/de\/wp-json\/wp\/v2\/pages\/5476\/revisions"}],"predecessor-version":[{"id":5842,"href":"https:\/\/ceramicaterracuita.com\/de\/wp-json\/wp\/v2\/pages\/5476\/revisions\/5842"}],"wp:attachment":[{"href":"https:\/\/ceramicaterracuita.com\/de\/wp-json\/wp\/v2\/media?parent=5476"}],"curies":[{"name":"wp","href":"https:\/\/api.w.org\/{rel}","templated":true}]}}