{"id":5073,"date":"2021-03-31T10:34:37","date_gmt":"2021-03-31T10:34:38","guid":{"rendered":"http:\/\/ceramicaterracuita.com\/?post_type=product&#038;p=5073"},"modified":"2021-05-18T20:19:25","modified_gmt":"2021-05-18T20:19:25","slug":"regals-artesania-decoracio-diversa","status":"publish","type":"product","link":"https:\/\/ceramicaterracuita.com\/ca\/productes\/regals-artesania-decoracio-diversa\/","title":{"rendered":"Regals, Artesan\u00eda &#038; Decoraci\u00f3 diversa"},"content":{"rendered":"<div class=\"bt_bb_wrapper\"><section id=\"bt_bb_section69e363eb2d59e\"  class=\"bt_bb_section bt_bb_top_spacing_extra_small bt_bb_bottom_spacing_extra_small bt_bb_layout_wide bt_bb_full_screen bt_bb_vertical_align_top graellaproduct\" style=\";background-color:#ffffff;\"><div class=\"bt_bb_port\"><div class=\"bt_bb_cell\"><div class=\"bt_bb_cell_inner\"><div class=\"bt_bb_row_wrapper\"><div  class=\"bt_bb_row graella1 bt_bb_column_gap_0\" ><div  class=\"bt_bb_column col-xl-4 col-xs-12 col-sm-12 col-md-12 col-lg-4 bt_bb_align_center bt_bb_vertical_align_middle bt_bb_animation_fade_in animate bt_bb_padding_normal\" style=\"padding-left:0px;\" data-width=\"4\" data-bt-override-class=\"{&quot;bt_bb_align_&quot;:{&quot;current_class&quot;:&quot;bt_bb_align_center&quot;,&quot;xl&quot;:&quot;center&quot;}}\"><div class=\"bt_bb_column_content\"><div class=\"bt_bb_column_content_inner\"><div class=\"bt_bb_image imgproduct bt_bb_shape_square bt_bb_align_inherit bt_bb_hover_style_simple bt_bb_content_display_always bt_bb_content_align_middle\" style=\"padding-left:0px;\" data-bt-override-class=\"{&quot;bt_bb_align_&quot;:{&quot;current_class&quot;:&quot;bt_bb_align_inherit&quot;,&quot;xl&quot;:&quot;inherit&quot;}}\"><span><img width=\"590\" height=\"393\" src=\"https:\/\/ceramicaterracuita.com\/wp-content\/uploads\/2021\/03\/deco_detalle3.jpg\" class=\"attachment-full size-full\" alt=\"https:\/\/ceramicaterracuita.com\/wp-content\/uploads\/2021\/03\/deco_detalle3.jpg\" loading=\"lazy\" data-full_image_src=\"https:\/\/ceramicaterracuita.com\/wp-content\/uploads\/2021\/03\/deco_detalle3.jpg\" title=\"deco_detalle3\" srcset=\"https:\/\/ceramicaterracuita.com\/wp-content\/uploads\/2021\/03\/deco_detalle3.jpg 590w, https:\/\/ceramicaterracuita.com\/wp-content\/uploads\/2021\/03\/deco_detalle3-320x213.jpg 320w\" sizes=\"(max-width: 590px) 100vw, 590px\" \/><\/span><\/div><\/div><\/div><\/div><div  class=\"bt_bb_column col-xl-4 col-xs-12 col-sm-12 col-md-12 col-lg-4 bt_bb_align_center bt_bb_vertical_align_middle bt_bb_animation_fade_in animate bt_bb_padding_normal\"  data-width=\"4\" data-bt-override-class=\"{}\"><div class=\"bt_bb_column_content\"><div class=\"bt_bb_column_content_inner\"><div class=\"bt_bb_image imgproduct bt_bb_shape_square bt_bb_align_inherit bt_bb_hover_style_simple bt_bb_content_display_always bt_bb_content_align_middle\" data-bt-override-class=\"{&quot;bt_bb_align_&quot;:{&quot;current_class&quot;:&quot;bt_bb_align_inherit&quot;,&quot;xl&quot;:&quot;inherit&quot;}}\"><span><img width=\"590\" height=\"393\" src=\"https:\/\/ceramicaterracuita.com\/wp-content\/uploads\/2021\/03\/deco_detalle2.jpg\" class=\"attachment-full size-full\" alt=\"https:\/\/ceramicaterracuita.com\/wp-content\/uploads\/2021\/03\/deco_detalle2.jpg\" loading=\"lazy\" data-full_image_src=\"https:\/\/ceramicaterracuita.com\/wp-content\/uploads\/2021\/03\/deco_detalle2.jpg\" title=\"deco_detalle2\" srcset=\"https:\/\/ceramicaterracuita.com\/wp-content\/uploads\/2021\/03\/deco_detalle2.jpg 590w, https:\/\/ceramicaterracuita.com\/wp-content\/uploads\/2021\/03\/deco_detalle2-320x213.jpg 320w\" sizes=\"(max-width: 590px) 100vw, 590px\" \/><\/span><\/div><\/div><\/div><\/div><div  class=\"bt_bb_column col-xl-4 col-xs-12 col-sm-12 col-md-12 col-lg-4 bt_bb_align_center bt_bb_vertical_align_middle bt_bb_animation_fade_in animate bt_bb_padding_normal\"  data-width=\"4\" data-bt-override-class=\"{}\"><div class=\"bt_bb_column_content\"><div class=\"bt_bb_column_content_inner\"><div class=\"bt_bb_image imgproduct bt_bb_shape_square bt_bb_align_inherit bt_bb_hover_style_simple bt_bb_content_display_always bt_bb_content_align_middle\" data-bt-override-class=\"{&quot;bt_bb_align_&quot;:{&quot;current_class&quot;:&quot;bt_bb_align_inherit&quot;,&quot;xl&quot;:&quot;inherit&quot;}}\"><span><img width=\"590\" height=\"393\" src=\"https:\/\/ceramicaterracuita.com\/wp-content\/uploads\/2021\/03\/deco_detalle1.jpg\" class=\"attachment-full size-full\" alt=\"https:\/\/ceramicaterracuita.com\/wp-content\/uploads\/2021\/03\/deco_detalle1.jpg\" loading=\"lazy\" data-full_image_src=\"https:\/\/ceramicaterracuita.com\/wp-content\/uploads\/2021\/03\/deco_detalle1.jpg\" title=\"deco_detalle1\" srcset=\"https:\/\/ceramicaterracuita.com\/wp-content\/uploads\/2021\/03\/deco_detalle1.jpg 590w, https:\/\/ceramicaterracuita.com\/wp-content\/uploads\/2021\/03\/deco_detalle1-320x213.jpg 320w\" sizes=\"(max-width: 590px) 100vw, 590px\" \/><\/span><\/div><\/div><\/div><\/div><\/div><\/div><div class=\"bt_bb_row_wrapper\"><div  class=\"bt_bb_row graella1 bt_bb_column_gap_0\" ><div  class=\"bt_bb_column col-xl-4 col-xs-12 col-sm-12 col-md-12 col-lg-4 bt_bb_align_center bt_bb_vertical_align_middle bt_bb_animation_fade_in animate bt_bb_padding_normal\" style=\"padding-left:0px;\" data-width=\"4\" data-bt-override-class=\"{&quot;bt_bb_align_&quot;:{&quot;current_class&quot;:&quot;bt_bb_align_center&quot;,&quot;xl&quot;:&quot;center&quot;}}\"><div class=\"bt_bb_column_content\"><div class=\"bt_bb_column_content_inner\"><div class=\"bt_bb_image imgproduct bt_bb_shape_square bt_bb_align_inherit bt_bb_hover_style_simple bt_bb_content_display_always bt_bb_content_align_middle\" style=\"padding-left:0px;\" data-bt-override-class=\"{&quot;bt_bb_align_&quot;:{&quot;current_class&quot;:&quot;bt_bb_align_inherit&quot;,&quot;xl&quot;:&quot;inherit&quot;}}\"><span><img width=\"590\" height=\"393\" src=\"https:\/\/ceramicaterracuita.com\/wp-content\/uploads\/2021\/03\/deco_detalle5.png\" class=\"attachment-full size-full\" alt=\"https:\/\/ceramicaterracuita.com\/wp-content\/uploads\/2021\/03\/deco_detalle5.png\" loading=\"lazy\" data-full_image_src=\"https:\/\/ceramicaterracuita.com\/wp-content\/uploads\/2021\/03\/deco_detalle5.png\" title=\"deco_detalle5\" srcset=\"https:\/\/ceramicaterracuita.com\/wp-content\/uploads\/2021\/03\/deco_detalle5.png 590w, https:\/\/ceramicaterracuita.com\/wp-content\/uploads\/2021\/03\/deco_detalle5-320x213.png 320w\" sizes=\"(max-width: 590px) 100vw, 590px\" \/><\/span><\/div><\/div><\/div><\/div><div  class=\"bt_bb_column col-xl-4 col-xs-12 col-sm-12 col-md-12 col-lg-4 bt_bb_align_center bt_bb_vertical_align_middle bt_bb_animation_fade_in animate bt_bb_padding_normal\"  data-width=\"4\" data-bt-override-class=\"{}\"><div class=\"bt_bb_column_content\"><div class=\"bt_bb_column_content_inner\"><div class=\"bt_bb_image imgproduct bt_bb_shape_square bt_bb_align_inherit bt_bb_hover_style_simple bt_bb_content_display_always bt_bb_content_align_middle\" data-bt-override-class=\"{&quot;bt_bb_align_&quot;:{&quot;current_class&quot;:&quot;bt_bb_align_inherit&quot;,&quot;xl&quot;:&quot;inherit&quot;}}\"><span><img width=\"2560\" height=\"1920\" src=\"https:\/\/ceramicaterracuita.com\/wp-content\/uploads\/2021\/03\/IMG-1138-scaled.jpg\" class=\"attachment-full size-full\" alt=\"https:\/\/ceramicaterracuita.com\/wp-content\/uploads\/2021\/03\/IMG-1138-scaled.jpg\" loading=\"lazy\" data-full_image_src=\"https:\/\/ceramicaterracuita.com\/wp-content\/uploads\/2021\/03\/IMG-1138-scaled.jpg\" title=\"IMG-1138\" srcset=\"https:\/\/ceramicaterracuita.com\/wp-content\/uploads\/2021\/03\/IMG-1138-scaled.jpg 2560w, https:\/\/ceramicaterracuita.com\/wp-content\/uploads\/2021\/03\/IMG-1138-640x480.jpg 640w, https:\/\/ceramicaterracuita.com\/wp-content\/uploads\/2021\/03\/IMG-1138-1280x960.jpg 1280w, https:\/\/ceramicaterracuita.com\/wp-content\/uploads\/2021\/03\/IMG-1138-768x576.jpg 768w, https:\/\/ceramicaterracuita.com\/wp-content\/uploads\/2021\/03\/IMG-1138-1536x1152.jpg 1536w, https:\/\/ceramicaterracuita.com\/wp-content\/uploads\/2021\/03\/IMG-1138-2048x1536.jpg 2048w, https:\/\/ceramicaterracuita.com\/wp-content\/uploads\/2021\/03\/IMG-1138-320x240.jpg 320w, https:\/\/ceramicaterracuita.com\/wp-content\/uploads\/2021\/03\/IMG-1138-800x600.jpg 800w, https:\/\/ceramicaterracuita.com\/wp-content\/uploads\/2021\/03\/IMG-1138-1000x750.jpg 1000w\" sizes=\"(max-width: 2560px) 100vw, 2560px\" \/><\/span><\/div><\/div><\/div><\/div><div  class=\"bt_bb_column col-xl-4 col-xs-12 col-sm-12 col-md-12 col-lg-4 bt_bb_align_center bt_bb_vertical_align_middle bt_bb_animation_fade_in animate bt_bb_padding_normal\"  data-width=\"4\" data-bt-override-class=\"{}\"><div class=\"bt_bb_column_content\"><div class=\"bt_bb_column_content_inner\"><\/div><\/div><\/div><\/div><\/div><\/div><\/div><\/div><\/section><section id=\"bt_bb_section69e363eb2de83\"  class=\"bt_bb_section bt_bb_top_spacing_medium bt_bb_bottom_spacing_medium bt_bb_layout_wide bt_bb_vertical_align_top\" style=\";background-color:#fcf8f2;\"><div class=\"bt_bb_port\"><div class=\"bt_bb_cell\"><div class=\"bt_bb_cell_inner\"><div class=\"bt_bb_row_wrapper\"><div  class=\"bt_bb_row\" ><div  class=\"bt_bb_column col-xl-12 bt_bb_align_center bt_bb_vertical_align_top bt_bb_animation_fade_in animate bt_bb_padding_normal\"  data-width=\"12\" data-bt-override-class=\"{}\"><div class=\"bt_bb_column_content\"><div class=\"bt_bb_column_content_inner\"><header class=\"bt_bb_headline bt_bb_dash_none bt_bb_size_medium bt_bb_align_inherit\" data-bt-override-class=\"{&quot;bt_bb_size_&quot;:{&quot;current_class&quot;:&quot;bt_bb_size_medium&quot;,&quot;xl&quot;:&quot;medium&quot;},&quot;bt_bb_align_&quot;:{&quot;current_class&quot;:&quot;bt_bb_align_inherit&quot;,&quot;xl&quot;:&quot;inherit&quot;}}\"><h3 class=\"bt_bb_headline_tag\"><span class=\"bt_bb_headline_content\"><span>Les nostres col\u00b7leccions<\/span><\/span><\/h3><\/header><div class=\"bt_bb_separator bt_bb_bottom_spacing_normal bt_bb_border_style_none\"><\/div><\/div><\/div><\/div><\/div><\/div><div class=\"bt_bb_row_wrapper\"><div  class=\"bt_bb_row\" ><div  class=\"bt_bb_column col-xl-12 bt_bb_align_left bt_bb_vertical_align_top bt_bb_padding_normal\"  data-width=\"12\" data-bt-override-class=\"{}\"><div class=\"bt_bb_column_content\"><div class=\"bt_bb_column_content_inner\"><div class=\"bt_bb_content_slider bt_bb_gap_no_gap bt_bb_arrows_size_normal bt_bb_show_dots_bottom bt_bb_height_auto\"><div class=\"slick-slider\"  data-slick='{ \"lazyLoad\": \"progressive\", \"cssEase\": \"ease-out\", \"speed\": \"600\", \"prevArrow\": \"&lt;button type=\\\"button\\\" class=\\\"slick-prev\\\" aria-label=\\\"Previous\\\" tabindex=\\\"0\\\" role=\\\"button\\\"&gt;&lt;\/button&gt;\", \"nextArrow\": \"&lt;button type=\\\"button\\\" class=\\\"slick-next\\\" aria-label=\\\"Next\\\" tabindex=\\\"0\\\" role=\\\"button\\\"&gt;&lt;\/button&gt;\", \"adaptiveHeight\": true, \"dots\": true}' ><div class=\"bt_bb_content_slider_item\" style=\"\"><div class=\"bt_bb_content_slider_item_content content\"><div class=\"bt_bb_single_product woocommerce\"><div class=\"bt_bb_single_product_image\"><img width=\"800\" height=\"375\" src=\"https:\/\/ceramicaterracuita.com\/wp-content\/uploads\/2021\/02\/gres_cabezera1600x750px-1-800x375.jpg\" class=\"attachment-shop_catalog size-shop_catalog\" alt=\"\" loading=\"lazy\" srcset=\"https:\/\/ceramicaterracuita.com\/wp-content\/uploads\/2021\/02\/gres_cabezera1600x750px-1-800x375.jpg 800w, https:\/\/ceramicaterracuita.com\/wp-content\/uploads\/2021\/02\/gres_cabezera1600x750px-1-640x300.jpg 640w, https:\/\/ceramicaterracuita.com\/wp-content\/uploads\/2021\/02\/gres_cabezera1600x750px-1-1280x600.jpg 1280w, https:\/\/ceramicaterracuita.com\/wp-content\/uploads\/2021\/02\/gres_cabezera1600x750px-1-768x360.jpg 768w, https:\/\/ceramicaterracuita.com\/wp-content\/uploads\/2021\/02\/gres_cabezera1600x750px-1-1536x720.jpg 1536w, https:\/\/ceramicaterracuita.com\/wp-content\/uploads\/2021\/02\/gres_cabezera1600x750px-1-320x150.jpg 320w, https:\/\/ceramicaterracuita.com\/wp-content\/uploads\/2021\/02\/gres_cabezera1600x750px-1-1000x469.jpg 1000w, https:\/\/ceramicaterracuita.com\/wp-content\/uploads\/2021\/02\/gres_cabezera1600x750px-1.jpg 1600w\" sizes=\"(max-width: 800px) 100vw, 800px\" \/><\/div><div class=\"bt_bb_single_product_content\"><div class=\"bt_bb_single_product_title\">Gres<\/div><div class=\"bt_bb_single_product_description\">La nostra vaixella de gres \u00e9s un tot terreny en qualitat i durabilitat. El gres s&#8217;elabora amb composts d&#8217;argila natural cuita a alta temperatura i es d\u00f3na color amb esmalts en base de pigments naturals\u2026<\/div><div class=\"bt_bb_single_product_price_cart\"><p class=\"product woocommerce add_to_cart_inline \" style=\"\"><a href=\"https:\/\/ceramicaterracuita.com\/ca\/productes\/gres\/\" data-quantity=\"1\" class=\"button product_type_simple\" data-product_id=\"4768\" data-product_sku=\"\" aria-label=\"M\u00e9s informaci\u00f3 sobre &ldquo;Gres&rdquo;\" rel=\"nofollow\">Llegeix m\u00e9s<\/a><\/p><\/div><\/div><\/div><div class=\"bt_bb_separator bt_bb_bottom_spacing_medium bt_bb_border_style_none\"><\/div><\/div><\/div><div class=\"bt_bb_content_slider_item\" style=\"\"><div class=\"bt_bb_content_slider_item_content content\"><div class=\"bt_bb_single_product woocommerce\"><div class=\"bt_bb_single_product_image\"><img src=\"https:\/\/ceramicaterracuita.com\/wp-content\/uploads\/2021\/02\/00llengues_collecion400x400px.png\" alt=\"Lleng\u00fces mallorquines\" title=\"Lleng\u00fces mallorquines\" ><\/div><div class=\"bt_bb_single_product_content\"><div class=\"bt_bb_single_product_title\">Lleng\u00fces mallorquines<\/div><div class=\"bt_bb_single_product_description\">La col\u00b7lecci\u00f3 de lleng\u00fces mallorquines est\u00e0 inspirada en la Tradicional tela mallorquina o, la tamb\u00e9 anomenada, &#8220;Tela de Lleng\u00fces&#8220;. Existeix la creen\u00e7a de qu\u00e8 el seu origen \u00e9s oriental per la seva similitud a la tela de ikat asi\u00e0tica\u2026<br \/>\r\n<\/div><div class=\"bt_bb_single_product_price_cart\"><p class=\"product woocommerce add_to_cart_inline \" style=\"\"><a href=\"https:\/\/ceramicaterracuita.com\/ca\/productes\/lenguas-mallorquinas\/\" data-quantity=\"1\" class=\"button product_type_simple\" data-product_id=\"4767\" data-product_sku=\"\" aria-label=\"M\u00e9s informaci\u00f3 sobre &ldquo;Lleng\u00fces mallorquines&rdquo;\" rel=\"nofollow\">Llegeix m\u00e9s<\/a><\/p><\/div><\/div><\/div><div class=\"bt_bb_separator bt_bb_bottom_spacing_medium bt_bb_border_style_none\"><\/div><\/div><\/div><div class=\"bt_bb_content_slider_item\" style=\"\"><div class=\"bt_bb_content_slider_item_content content\"><div class=\"bt_bb_single_product woocommerce\"><div class=\"bt_bb_single_product_image\"><img src=\"https:\/\/ceramicaterracuita.com\/wp-content\/uploads\/2021\/02\/coleccion2.png\" alt=\"Cer\u00e0mica de color o terracota tradicional\" title=\"Cer\u00e0mica de color o terracota tradicional\" ><\/div><div class=\"bt_bb_single_product_content\"><div class=\"bt_bb_single_product_title\">Cer\u00e0mica de color o terracota tradicional<\/div><div class=\"bt_bb_single_product_description\">Es diria que \u00e9s la versi\u00f3 tradicional mallorquina duita a tot color. Hem donat una nova dimensi\u00f3 a la vaixella r\u00fastica de fang marr\u00f3, dotant-la de diferents colors i alterant aix\u00ed la seva uniformitat&#8230;<\/div><div class=\"bt_bb_single_product_price_cart\"><p class=\"product woocommerce add_to_cart_inline \" style=\"\"><a href=\"https:\/\/ceramicaterracuita.com\/ca\/productes\/ceramica-de-color-o-terracota-tradicional\/\" data-quantity=\"1\" class=\"button product_type_simple\" data-product_id=\"4766\" data-product_sku=\"\" aria-label=\"M\u00e9s informaci\u00f3 sobre &ldquo;Cer\u00e0mica de color o terracota tradicional&rdquo;\" rel=\"nofollow\">Llegeix m\u00e9s<\/a><\/p><\/div><\/div><\/div><div class=\"bt_bb_separator bt_bb_bottom_spacing_medium bt_bb_border_style_none\"><\/div><\/div><\/div><div class=\"bt_bb_content_slider_item\" style=\"\"><div class=\"bt_bb_content_slider_item_content content\"><div class=\"bt_bb_single_product woocommerce\"><div class=\"bt_bb_single_product_image\"><img src=\"https:\/\/ceramicaterracuita.com\/wp-content\/uploads\/2021\/02\/00turques_col.png\" alt=\"Turquesa\" title=\"Turquesa\" ><\/div><div class=\"bt_bb_single_product_content\"><div class=\"bt_bb_single_product_title\">Turquesa<\/div><div class=\"bt_bb_single_product_description\">Ideal pels turquoise lovers. Aquesta col\u00b7lecci\u00f3 ha estat el producte estrella, durant els darrers anys, per compondre una vaixella. Recorda a les aig\u00fces cristal\u00b7lines de la nostra illa\u2026<br \/>\r\n<\/div><div class=\"bt_bb_single_product_price_cart\"><p class=\"product woocommerce add_to_cart_inline \" style=\"\"><a href=\"https:\/\/ceramicaterracuita.com\/ca\/productes\/turquesa\/\" data-quantity=\"1\" class=\"button product_type_simple\" data-product_id=\"4771\" data-product_sku=\"\" aria-label=\"M\u00e9s informaci\u00f3 sobre &ldquo;Turquesa&rdquo;\" rel=\"nofollow\">Llegeix m\u00e9s<\/a><\/p><\/div><\/div><\/div><div class=\"bt_bb_separator bt_bb_bottom_spacing_medium bt_bb_border_style_none\"><\/div><\/div><\/div><div class=\"bt_bb_content_slider_item\" style=\"\"><div class=\"bt_bb_content_slider_item_content content\"><div class=\"bt_bb_single_product woocommerce\"><div class=\"bt_bb_single_product_image\"><img src=\"https:\/\/ceramicaterracuita.com\/wp-content\/uploads\/2021\/02\/00esquixat_col.png\" alt=\"Esquitxat, ratllats, pinzellats ...\" title=\"Esquitxat, ratllats, pinzellats ...\" ><\/div><div class=\"bt_bb_single_product_content\"><div class=\"bt_bb_single_product_title\">Esquitxat, ratllats, pinzellats &#8230;<\/div><div class=\"bt_bb_single_product_description\">La cer\u00e0mica blanca permet moltes decoracions. Aqu\u00ed \u00e9s on recream pinzellades, tra\u00e7ant l\u00ednies, cercles, ones, esquitxats&#8230; o simplement brodats d&#8217;un color una pe\u00e7a.<\/div><div class=\"bt_bb_single_product_price_cart\"><p class=\"product woocommerce add_to_cart_inline \" style=\"\"><a href=\"https:\/\/ceramicaterracuita.com\/ca\/productes\/esquitxat-rallado-pincelado\/\" data-quantity=\"1\" class=\"button product_type_simple\" data-product_id=\"4769\" data-product_sku=\"\" aria-label=\"M\u00e9s informaci\u00f3 sobre &ldquo;Esquitxat, ratllats, pinzellats ...&rdquo;\" rel=\"nofollow\">Llegeix m\u00e9s<\/a><\/p><\/div><\/div><\/div><div class=\"bt_bb_separator bt_bb_bottom_spacing_medium bt_bb_border_style_none\"><\/div><\/div><\/div><\/div><\/div><\/div><\/div><\/div><\/div><\/div><\/div><\/div><\/div><\/section><\/div>","protected":false},"excerpt":{"rendered":"<p>Seleccionem curiosament la nostra gamma de productes artesanals, triant productes fets a m\u00e0, a base de mat\u00e8ria primera natural i apostant pel sostenible.<\/p>\n<p>Tenim una gran varietat d&#8217;articles artesanals de cer\u00e0mica, vidre bufat, cristalleria fina, fusta d&#8217;olivera, lli, cot\u00f3, margall\u00f3, espart, jute, sabons i espelmes naturals entre altres.<\/p>\n<p>A les nostres botigues podeu trobar l&#8217;objecte perfecte per a decorar o donar una utilitat en la vostra llar. Bonics i originals articles, fets i inspirats a Mallorca, perqu\u00e8 pugueu regalar als vostres familiars i amics. Amb cada objecte podreu transmetre&#8217;ls tant l&#8217;ess\u00e8ncia de la nostra preciosa illa, com el tresor i preuat valor que transmet un producte artes\u00e0 i fet amb afecte.<\/p>\n","protected":false},"featured_media":5110,"comment_status":"closed","ping_status":"closed","template":"","meta":[],"yoast_head":"<!-- This site is optimized with the Yoast SEO plugin v16.2 - https:\/\/yoast.com\/wordpress\/plugins\/seo\/ -->\n<title>Regals, Artesan\u00eda &amp; Decoraci\u00f3 diversa - Terra Cer\u00e0mica Mallorca<\/title>\n<meta name=\"robots\" content=\"index, follow, max-snippet:-1, max-image-preview:large, max-video-preview:-1\" \/>\n<link rel=\"canonical\" href=\"https:\/\/ceramicaterracuita.com\/ca\/productes\/regals-artesania-decoracio-diversa\/\" \/>\n<meta property=\"og:locale\" content=\"ca_ES\" \/>\n<meta property=\"og:type\" content=\"article\" \/>\n<meta property=\"og:title\" content=\"Regals, Artesan\u00eda &amp; Decoraci\u00f3 diversa - Terra Cer\u00e0mica Mallorca\" \/>\n<meta property=\"og:description\" content=\"Seleccionem curiosament la nostra gamma de productes artesanals, triant productes fets a m\u00e0, a base de mat\u00e8ria primera natural i apostant pel sostenible.  Tenim una gran varietat d&#039;articles artesanals de cer\u00e0mica, vidre bufat, cristalleria fina, fusta d&#039;olivera, lli, cot\u00f3, margall\u00f3, espart, jute, sabons i espelmes naturals entre altres.  A les nostres botigues podeu trobar l&#039;objecte perfecte per a decorar o donar una utilitat en la vostra llar. Bonics i originals articles, fets i inspirats a Mallorca, perqu\u00e8 pugueu regalar als vostres familiars i amics. Amb cada objecte podreu transmetre&#039;ls tant l&#039;ess\u00e8ncia de la nostra preciosa illa, com el tresor i preuat valor que transmet un producte artes\u00e0 i fet amb afecte.\" \/>\n<meta property=\"og:url\" content=\"https:\/\/ceramicaterracuita.com\/ca\/productes\/regals-artesania-decoracio-diversa\/\" \/>\n<meta property=\"og:site_name\" content=\"Terra Cer\u00e0mica Mallorca\" \/>\n<meta property=\"article:modified_time\" content=\"2021-05-18T20:19:25+00:00\" \/>\n<meta property=\"og:image\" content=\"http:\/\/ceramicaterracuita.com\/wp-content\/uploads\/2021\/03\/00_regals_cabezera1600x700px.jpg\" \/>\n\t<meta property=\"og:image:width\" content=\"1600\" \/>\n\t<meta property=\"og:image:height\" content=\"700\" \/>\n<meta name=\"twitter:card\" content=\"summary_large_image\" \/>\n<meta name=\"twitter:label1\" content=\"Temps estimat de lectura\">\n\t<meta name=\"twitter:data1\" content=\"7 minuts\">\n<script type=\"application\/ld+json\" class=\"yoast-schema-graph\">{\"@context\":\"https:\/\/schema.org\",\"@graph\":[{\"@type\":\"Organization\",\"@id\":\"https:\/\/ceramicaterracuita.com\/#organization\",\"name\":\"Terra Cer\\u00e1mica Mallorca\",\"url\":\"https:\/\/ceramicaterracuita.com\/\",\"sameAs\":[],\"logo\":{\"@type\":\"ImageObject\",\"@id\":\"https:\/\/ceramicaterracuita.com\/#logo\",\"inLanguage\":\"ca\",\"url\":\"https:\/\/ceramicaterracuita.com\/wp-content\/uploads\/2021\/01\/logo_transp.png\",\"contentUrl\":\"https:\/\/ceramicaterracuita.com\/wp-content\/uploads\/2021\/01\/logo_transp.png\",\"width\":230,\"height\":80,\"caption\":\"Terra Cer\\u00e1mica Mallorca\"},\"image\":{\"@id\":\"https:\/\/ceramicaterracuita.com\/#logo\"}},{\"@type\":\"WebSite\",\"@id\":\"https:\/\/ceramicaterracuita.com\/#website\",\"url\":\"https:\/\/ceramicaterracuita.com\/\",\"name\":\"Terra Cer\\u00e0mica Mallorca\",\"description\":\"F\\u00e1brica cer\\u00e1mica Mallorca portal Terra Cuita, artesania barro fabrica Mallorca, productos t\\u00edpicos Mallorca decoraci\\u00f3n vajilla artesana.\",\"publisher\":{\"@id\":\"https:\/\/ceramicaterracuita.com\/#organization\"},\"potentialAction\":[{\"@type\":\"SearchAction\",\"target\":\"https:\/\/ceramicaterracuita.com\/?s={search_term_string}\",\"query-input\":\"required name=search_term_string\"}],\"inLanguage\":\"ca\"},{\"@type\":\"ImageObject\",\"@id\":\"https:\/\/ceramicaterracuita.com\/ca\/productes\/regals-artesania-decoracio-diversa\/#primaryimage\",\"inLanguage\":\"ca\",\"url\":\"https:\/\/ceramicaterracuita.com\/wp-content\/uploads\/2021\/03\/00_regals_cabezera1600x700px.jpg\",\"contentUrl\":\"https:\/\/ceramicaterracuita.com\/wp-content\/uploads\/2021\/03\/00_regals_cabezera1600x700px.jpg\",\"width\":1600,\"height\":700},{\"@type\":\"WebPage\",\"@id\":\"https:\/\/ceramicaterracuita.com\/ca\/productes\/regals-artesania-decoracio-diversa\/#webpage\",\"url\":\"https:\/\/ceramicaterracuita.com\/ca\/productes\/regals-artesania-decoracio-diversa\/\",\"name\":\"Regals, Artesan\\u00eda & Decoraci\\u00f3 diversa - Terra Cer\\u00e0mica Mallorca\",\"isPartOf\":{\"@id\":\"https:\/\/ceramicaterracuita.com\/#website\"},\"primaryImageOfPage\":{\"@id\":\"https:\/\/ceramicaterracuita.com\/ca\/productes\/regals-artesania-decoracio-diversa\/#primaryimage\"},\"datePublished\":\"2021-03-31T10:34:38+00:00\",\"dateModified\":\"2021-05-18T20:19:25+00:00\",\"breadcrumb\":{\"@id\":\"https:\/\/ceramicaterracuita.com\/ca\/productes\/regals-artesania-decoracio-diversa\/#breadcrumb\"},\"inLanguage\":\"ca\",\"potentialAction\":[{\"@type\":\"ReadAction\",\"target\":[\"https:\/\/ceramicaterracuita.com\/ca\/productes\/regals-artesania-decoracio-diversa\/\"]}]},{\"@type\":\"BreadcrumbList\",\"@id\":\"https:\/\/ceramicaterracuita.com\/ca\/productes\/regals-artesania-decoracio-diversa\/#breadcrumb\",\"itemListElement\":[{\"@type\":\"ListItem\",\"position\":1,\"item\":{\"@type\":\"WebPage\",\"@id\":\"https:\/\/ceramicaterracuita.com\/ca\/\",\"url\":\"https:\/\/ceramicaterracuita.com\/ca\/\",\"name\":\"Portada\"}},{\"@type\":\"ListItem\",\"position\":2,\"item\":{\"@type\":\"WebPage\",\"@id\":\"\",\"url\":\"\",\"name\":\"\"}},{\"@type\":\"ListItem\",\"position\":3,\"item\":{\"@id\":\"https:\/\/ceramicaterracuita.com\/ca\/productes\/regals-artesania-decoracio-diversa\/#webpage\"}}]}]}<\/script>\n<!-- \/ Yoast SEO plugin. -->","_links":{"self":[{"href":"https:\/\/ceramicaterracuita.com\/ca\/wp-json\/wp\/v2\/product\/5073"}],"collection":[{"href":"https:\/\/ceramicaterracuita.com\/ca\/wp-json\/wp\/v2\/product"}],"about":[{"href":"https:\/\/ceramicaterracuita.com\/ca\/wp-json\/wp\/v2\/types\/product"}],"replies":[{"embeddable":true,"href":"https:\/\/ceramicaterracuita.com\/ca\/wp-json\/wp\/v2\/comments?post=5073"}],"wp:featuredmedia":[{"embeddable":true,"href":"https:\/\/ceramicaterracuita.com\/ca\/wp-json\/wp\/v2\/media\/5110"}],"wp:attachment":[{"href":"https:\/\/ceramicaterracuita.com\/ca\/wp-json\/wp\/v2\/media?parent=5073"}],"curies":[{"name":"wp","href":"https:\/\/api.w.org\/{rel}","templated":true}]}}