{"id":4767,"date":"2021-02-12T12:58:45","date_gmt":"2021-02-12T12:58:45","guid":{"rendered":"http:\/\/ceramicaterracuita.com\/productos\/lenguas-mallorquinas-2\/"},"modified":"2022-01-02T17:20:55","modified_gmt":"2022-01-02T17:20:55","slug":"lenguas-mallorquinas","status":"publish","type":"product","link":"https:\/\/ceramicaterracuita.com\/ca\/productes\/lenguas-mallorquinas\/","title":{"rendered":"Lleng\u00fces mallorquines"},"content":{"rendered":"<div class=\"bt_bb_wrapper\"><section id=\"bt_bb_section69e76b6a92d16\"  class=\"bt_bb_section bt_bb_top_spacing_extra_small bt_bb_bottom_spacing_extra_small bt_bb_layout_wide bt_bb_full_screen bt_bb_vertical_align_top graellaproduct\" style=\";background-color:#ffffff;\"><div class=\"bt_bb_port\"><div class=\"bt_bb_cell\"><div class=\"bt_bb_cell_inner\"><div class=\"bt_bb_row_wrapper\"><div  class=\"bt_bb_row graella1 bt_bb_column_gap_0\" ><div  class=\"bt_bb_column col-xl-4 col-xs-12 col-sm-12 col-md-12 col-lg-4 bt_bb_align_center bt_bb_vertical_align_middle bt_bb_animation_fade_in animate bt_bb_padding_normal\" style=\"padding-left:0px;\" data-width=\"4\" data-bt-override-class=\"{&quot;bt_bb_align_&quot;:{&quot;current_class&quot;:&quot;bt_bb_align_center&quot;,&quot;xl&quot;:&quot;center&quot;}}\"><div class=\"bt_bb_column_content\"><div class=\"bt_bb_column_content_inner\"><div class=\"bt_bb_image imgproduct bt_bb_shape_square bt_bb_align_inherit bt_bb_hover_style_simple bt_bb_content_display_always bt_bb_content_align_middle\" style=\"padding-left:0px;\" data-bt-override-class=\"{&quot;bt_bb_align_&quot;:{&quot;current_class&quot;:&quot;bt_bb_align_inherit&quot;,&quot;xl&quot;:&quot;inherit&quot;}}\"><span><img width=\"590\" height=\"393\" src=\"https:\/\/ceramicaterracuita.com\/wp-content\/uploads\/2021\/02\/llenguas_detalle4.jpg\" class=\"attachment-full size-full\" alt=\"https:\/\/ceramicaterracuita.com\/wp-content\/uploads\/2021\/02\/llenguas_detalle4.jpg\" loading=\"lazy\" data-full_image_src=\"https:\/\/ceramicaterracuita.com\/wp-content\/uploads\/2021\/02\/llenguas_detalle4.jpg\" title=\"llenguas_detalle4\" srcset=\"https:\/\/ceramicaterracuita.com\/wp-content\/uploads\/2021\/02\/llenguas_detalle4.jpg 590w, https:\/\/ceramicaterracuita.com\/wp-content\/uploads\/2021\/02\/llenguas_detalle4-320x213.jpg 320w\" sizes=\"(max-width: 590px) 100vw, 590px\" \/><\/span><\/div><\/div><\/div><\/div><div  class=\"bt_bb_column col-xl-4 col-xs-12 col-sm-12 col-md-12 col-lg-4 bt_bb_align_center bt_bb_vertical_align_middle bt_bb_animation_fade_in animate bt_bb_padding_normal\"  data-width=\"4\" data-bt-override-class=\"{}\"><div class=\"bt_bb_column_content\"><div class=\"bt_bb_column_content_inner\"><div class=\"bt_bb_image imgproduct bt_bb_shape_square bt_bb_align_inherit bt_bb_hover_style_simple bt_bb_content_display_always bt_bb_content_align_middle\" data-bt-override-class=\"{&quot;bt_bb_align_&quot;:{&quot;current_class&quot;:&quot;bt_bb_align_inherit&quot;,&quot;xl&quot;:&quot;inherit&quot;}}\"><span><img width=\"590\" height=\"393\" src=\"https:\/\/ceramicaterracuita.com\/wp-content\/uploads\/2021\/02\/llenguas_detalle3.jpg\" class=\"attachment-full size-full\" alt=\"https:\/\/ceramicaterracuita.com\/wp-content\/uploads\/2021\/02\/llenguas_detalle3.jpg\" loading=\"lazy\" data-full_image_src=\"https:\/\/ceramicaterracuita.com\/wp-content\/uploads\/2021\/02\/llenguas_detalle3.jpg\" title=\"llenguas_detalle3\" srcset=\"https:\/\/ceramicaterracuita.com\/wp-content\/uploads\/2021\/02\/llenguas_detalle3.jpg 590w, https:\/\/ceramicaterracuita.com\/wp-content\/uploads\/2021\/02\/llenguas_detalle3-320x213.jpg 320w\" sizes=\"(max-width: 590px) 100vw, 590px\" \/><\/span><\/div><\/div><\/div><\/div><div  class=\"bt_bb_column col-xl-4 col-xs-12 col-sm-12 col-md-12 col-lg-4 bt_bb_align_center bt_bb_vertical_align_middle bt_bb_animation_fade_in animate bt_bb_padding_normal\"  data-width=\"4\" data-bt-override-class=\"{}\"><div class=\"bt_bb_column_content\"><div class=\"bt_bb_column_content_inner\"><div class=\"bt_bb_image imgproduct bt_bb_shape_square bt_bb_align_inherit bt_bb_hover_style_simple bt_bb_content_display_always bt_bb_content_align_middle\" data-bt-override-class=\"{&quot;bt_bb_align_&quot;:{&quot;current_class&quot;:&quot;bt_bb_align_inherit&quot;,&quot;xl&quot;:&quot;inherit&quot;}}\"><span><img width=\"590\" height=\"393\" src=\"https:\/\/ceramicaterracuita.com\/wp-content\/uploads\/2021\/02\/llenguas_detalle2.jpg\" class=\"attachment-full size-full\" alt=\"https:\/\/ceramicaterracuita.com\/wp-content\/uploads\/2021\/02\/llenguas_detalle2.jpg\" loading=\"lazy\" data-full_image_src=\"https:\/\/ceramicaterracuita.com\/wp-content\/uploads\/2021\/02\/llenguas_detalle2.jpg\" title=\"llenguas_detalle2\" srcset=\"https:\/\/ceramicaterracuita.com\/wp-content\/uploads\/2021\/02\/llenguas_detalle2.jpg 590w, https:\/\/ceramicaterracuita.com\/wp-content\/uploads\/2021\/02\/llenguas_detalle2-320x213.jpg 320w\" sizes=\"(max-width: 590px) 100vw, 590px\" \/><\/span><\/div><\/div><\/div><\/div><\/div><\/div><div class=\"bt_bb_row_wrapper\"><div  class=\"bt_bb_row graella1 bt_bb_column_gap_0\" ><div  class=\"bt_bb_column col-xl-4 col-xs-12 col-sm-12 col-md-12 col-lg-4 bt_bb_align_center bt_bb_vertical_align_middle bt_bb_animation_fade_in animate bt_bb_padding_normal\" style=\"padding-left:0px;\" data-width=\"4\" data-bt-override-class=\"{&quot;bt_bb_align_&quot;:{&quot;current_class&quot;:&quot;bt_bb_align_center&quot;,&quot;xl&quot;:&quot;center&quot;}}\"><div class=\"bt_bb_column_content\"><div class=\"bt_bb_column_content_inner\"><div class=\"bt_bb_image imgproduct bt_bb_shape_square bt_bb_align_inherit bt_bb_hover_style_simple bt_bb_content_display_always bt_bb_content_align_middle\" style=\"padding-left:0px;\" data-bt-override-class=\"{&quot;bt_bb_align_&quot;:{&quot;current_class&quot;:&quot;bt_bb_align_inherit&quot;,&quot;xl&quot;:&quot;inherit&quot;}}\"><span><img width=\"590\" height=\"393\" src=\"https:\/\/ceramicaterracuita.com\/wp-content\/uploads\/2021\/02\/llenguas_detalle1.jpg\" class=\"attachment-full size-full\" alt=\"https:\/\/ceramicaterracuita.com\/wp-content\/uploads\/2021\/02\/llenguas_detalle1.jpg\" loading=\"lazy\" data-full_image_src=\"https:\/\/ceramicaterracuita.com\/wp-content\/uploads\/2021\/02\/llenguas_detalle1.jpg\" title=\"llenguas_detalle1\" srcset=\"https:\/\/ceramicaterracuita.com\/wp-content\/uploads\/2021\/02\/llenguas_detalle1.jpg 590w, https:\/\/ceramicaterracuita.com\/wp-content\/uploads\/2021\/02\/llenguas_detalle1-320x213.jpg 320w\" sizes=\"(max-width: 590px) 100vw, 590px\" \/><\/span><\/div><\/div><\/div><\/div><div  class=\"bt_bb_column col-xl-4 col-xs-12 col-sm-12 col-md-12 col-lg-4 bt_bb_align_center bt_bb_vertical_align_middle bt_bb_animation_fade_in animate bt_bb_padding_normal\"  data-width=\"4\" data-bt-override-class=\"{}\"><div class=\"bt_bb_column_content\"><div class=\"bt_bb_column_content_inner\"><div class=\"bt_bb_image imgproduct bt_bb_shape_square bt_bb_align_inherit bt_bb_hover_style_simple bt_bb_content_display_always bt_bb_content_align_middle\" data-bt-override-class=\"{&quot;bt_bb_align_&quot;:{&quot;current_class&quot;:&quot;bt_bb_align_inherit&quot;,&quot;xl&quot;:&quot;inherit&quot;}}\"><span><img width=\"590\" height=\"393\" src=\"https:\/\/ceramicaterracuita.com\/wp-content\/uploads\/2021\/02\/llenguas_detalle5.jpg\" class=\"attachment-full size-full\" alt=\"https:\/\/ceramicaterracuita.com\/wp-content\/uploads\/2021\/02\/llenguas_detalle5.jpg\" loading=\"lazy\" data-full_image_src=\"https:\/\/ceramicaterracuita.com\/wp-content\/uploads\/2021\/02\/llenguas_detalle5.jpg\" title=\"llenguas_detalle5\" srcset=\"https:\/\/ceramicaterracuita.com\/wp-content\/uploads\/2021\/02\/llenguas_detalle5.jpg 590w, https:\/\/ceramicaterracuita.com\/wp-content\/uploads\/2021\/02\/llenguas_detalle5-320x213.jpg 320w\" sizes=\"(max-width: 590px) 100vw, 590px\" \/><\/span><\/div><\/div><\/div><\/div><div  class=\"bt_bb_column col-xl-4 col-xs-12 col-sm-12 col-md-12 col-lg-4 bt_bb_align_center bt_bb_vertical_align_middle bt_bb_animation_fade_in animate bt_bb_padding_normal\"  data-width=\"4\" data-bt-override-class=\"{}\"><div class=\"bt_bb_column_content\"><div class=\"bt_bb_column_content_inner\"><div class=\"bt_bb_image imgproduct bt_bb_shape_square bt_bb_align_inherit bt_bb_hover_style_simple bt_bb_content_display_always bt_bb_content_align_middle\" data-bt-override-class=\"{&quot;bt_bb_align_&quot;:{&quot;current_class&quot;:&quot;bt_bb_align_inherit&quot;,&quot;xl&quot;:&quot;inherit&quot;}}\"><span><img width=\"590\" height=\"393\" src=\"https:\/\/ceramicaterracuita.com\/wp-content\/uploads\/2021\/02\/llenguas_detalle6.jpg\" class=\"attachment-full size-full\" alt=\"https:\/\/ceramicaterracuita.com\/wp-content\/uploads\/2021\/02\/llenguas_detalle6.jpg\" loading=\"lazy\" data-full_image_src=\"https:\/\/ceramicaterracuita.com\/wp-content\/uploads\/2021\/02\/llenguas_detalle6.jpg\" title=\"llenguas_detalle6\" srcset=\"https:\/\/ceramicaterracuita.com\/wp-content\/uploads\/2021\/02\/llenguas_detalle6.jpg 590w, https:\/\/ceramicaterracuita.com\/wp-content\/uploads\/2021\/02\/llenguas_detalle6-320x213.jpg 320w\" sizes=\"(max-width: 590px) 100vw, 590px\" \/><\/span><\/div><\/div><\/div><\/div><\/div><\/div><\/div><\/div><\/div><\/section><section id=\"bt_bb_section69e76b6a93737\"  class=\"bt_bb_section bt_bb_top_spacing_medium bt_bb_bottom_spacing_medium bt_bb_layout_wide bt_bb_vertical_align_top\" style=\";background-color:#fcf8f2;\"><div class=\"bt_bb_port\"><div class=\"bt_bb_cell\"><div class=\"bt_bb_cell_inner\"><div class=\"bt_bb_row_wrapper\"><div  class=\"bt_bb_row\" ><div  class=\"bt_bb_column col-xl-12 bt_bb_align_center bt_bb_vertical_align_top bt_bb_animation_fade_in animate bt_bb_padding_normal\"  data-width=\"12\" data-bt-override-class=\"{}\"><div class=\"bt_bb_column_content\"><div class=\"bt_bb_column_content_inner\"><header class=\"bt_bb_headline bt_bb_dash_none bt_bb_size_medium bt_bb_align_inherit\" data-bt-override-class=\"{&quot;bt_bb_size_&quot;:{&quot;current_class&quot;:&quot;bt_bb_size_medium&quot;,&quot;xl&quot;:&quot;medium&quot;},&quot;bt_bb_align_&quot;:{&quot;current_class&quot;:&quot;bt_bb_align_inherit&quot;,&quot;xl&quot;:&quot;inherit&quot;}}\"><h3 class=\"bt_bb_headline_tag\"><span class=\"bt_bb_headline_content\"><span>Les nostres col\u00b7leccions<\/span><\/span><\/h3><\/header><div class=\"bt_bb_separator bt_bb_bottom_spacing_normal bt_bb_border_style_none\"><\/div><\/div><\/div><\/div><\/div><\/div><div class=\"bt_bb_row_wrapper\"><div  class=\"bt_bb_row\" ><div  class=\"bt_bb_column col-xl-12 bt_bb_align_left bt_bb_vertical_align_top bt_bb_padding_normal\"  data-width=\"12\" data-bt-override-class=\"{}\"><div class=\"bt_bb_column_content\"><div class=\"bt_bb_column_content_inner\"><div class=\"bt_bb_content_slider bt_bb_gap_no_gap bt_bb_arrows_size_normal bt_bb_show_dots_bottom bt_bb_height_auto\"><div class=\"slick-slider\"  data-slick='{ \"lazyLoad\": \"progressive\", \"cssEase\": \"ease-out\", \"speed\": \"600\", \"prevArrow\": \"&lt;button type=\\\"button\\\" class=\\\"slick-prev\\\" aria-label=\\\"Previous\\\" tabindex=\\\"0\\\" role=\\\"button\\\"&gt;&lt;\/button&gt;\", \"nextArrow\": \"&lt;button type=\\\"button\\\" class=\\\"slick-next\\\" aria-label=\\\"Next\\\" tabindex=\\\"0\\\" role=\\\"button\\\"&gt;&lt;\/button&gt;\", \"adaptiveHeight\": true, \"dots\": true}' ><div class=\"bt_bb_content_slider_item\" style=\"\"><div class=\"bt_bb_content_slider_item_content content\"><div class=\"bt_bb_single_product woocommerce\"><div class=\"bt_bb_single_product_image\"><img src=\"https:\/\/ceramicaterracuita.com\/wp-content\/uploads\/2021\/02\/coleccion2.png\" alt=\"Cer\u00e0mica de color o terracota tradicional\" title=\"Cer\u00e0mica de color o terracota tradicional\" ><\/div><div class=\"bt_bb_single_product_content\"><div class=\"bt_bb_single_product_title\">Cer\u00e0mica de color o terracota tradicional<\/div><div class=\"bt_bb_single_product_description\">Es diria que \u00e9s la versi\u00f3 tradicional mallorquina duita a tot color. Hem donat una nova dimensi\u00f3 a la vaixella r\u00fastica de fang marr\u00f3, dotant-la de diferents colors i alterant aix\u00ed la seva uniformitat&#8230;<\/div><div class=\"bt_bb_single_product_price_cart\"><p class=\"product woocommerce add_to_cart_inline \" style=\"\"><a href=\"https:\/\/ceramicaterracuita.com\/ca\/productes\/ceramica-de-color-o-terracota-tradicional\/\" data-quantity=\"1\" class=\"button product_type_simple\" data-product_id=\"4766\" data-product_sku=\"\" aria-label=\"M\u00e9s informaci\u00f3 sobre &ldquo;Cer\u00e0mica de color o terracota tradicional&rdquo;\" rel=\"nofollow\">Llegeix m\u00e9s<\/a><\/p><\/div><\/div><\/div><div class=\"bt_bb_separator bt_bb_bottom_spacing_medium bt_bb_border_style_none\"><\/div><\/div><\/div><div class=\"bt_bb_content_slider_item\" style=\"\"><div class=\"bt_bb_content_slider_item_content content\"><div class=\"bt_bb_single_product woocommerce\"><div class=\"bt_bb_single_product_image\"><img src=\"https:\/\/ceramicaterracuita.com\/wp-content\/uploads\/2021\/02\/00esquixat_col.png\" alt=\"Esquitxat, ratllats, pinzellats ...\" title=\"Esquitxat, ratllats, pinzellats ...\" ><\/div><div class=\"bt_bb_single_product_content\"><div class=\"bt_bb_single_product_title\">Esquitxat, ratllats, pinzellats &#8230;<\/div><div class=\"bt_bb_single_product_description\">La cer\u00e0mica blanca permet moltes decoracions. Aqu\u00ed \u00e9s on recream pinzellades, tra\u00e7ant l\u00ednies, cercles, ones, esquitxats&#8230; o simplement brodats d&#8217;un color una pe\u00e7a.<\/div><div class=\"bt_bb_single_product_price_cart\"><p class=\"product woocommerce add_to_cart_inline \" style=\"\"><a href=\"https:\/\/ceramicaterracuita.com\/ca\/productes\/esquitxat-rallado-pincelado\/\" data-quantity=\"1\" class=\"button product_type_simple\" data-product_id=\"4769\" data-product_sku=\"\" aria-label=\"M\u00e9s informaci\u00f3 sobre &ldquo;Esquitxat, ratllats, pinzellats ...&rdquo;\" rel=\"nofollow\">Llegeix m\u00e9s<\/a><\/p><\/div><\/div><\/div><div class=\"bt_bb_separator bt_bb_bottom_spacing_medium bt_bb_border_style_none\"><\/div><\/div><\/div><div class=\"bt_bb_content_slider_item\" style=\"\"><div class=\"bt_bb_content_slider_item_content content\"><div class=\"bt_bb_single_product woocommerce\"><div class=\"bt_bb_single_product_image\"><img src=\"https:\/\/ceramicaterracuita.com\/wp-content\/uploads\/2021\/02\/00turques_col.png\" alt=\"Turquesa\" title=\"Turquesa\" ><\/div><div class=\"bt_bb_single_product_content\"><div class=\"bt_bb_single_product_title\">Turquesa<\/div><div class=\"bt_bb_single_product_description\">Ideal pels turquoise lovers. Aquesta col\u00b7lecci\u00f3 ha estat el producte estrella, durant els darrers anys, per compondre una vaixella. Recorda a les aig\u00fces cristal\u00b7lines de la nostra illa\u2026<br \/>\r\n<\/div><div class=\"bt_bb_single_product_price_cart\"><p class=\"product woocommerce add_to_cart_inline \" style=\"\"><a href=\"https:\/\/ceramicaterracuita.com\/ca\/productes\/turquesa\/\" data-quantity=\"1\" class=\"button product_type_simple\" data-product_id=\"4771\" data-product_sku=\"\" aria-label=\"M\u00e9s informaci\u00f3 sobre &ldquo;Turquesa&rdquo;\" rel=\"nofollow\">Llegeix m\u00e9s<\/a><\/p><\/div><\/div><\/div><div class=\"bt_bb_separator bt_bb_bottom_spacing_medium bt_bb_border_style_none\"><\/div><\/div><\/div><div class=\"bt_bb_content_slider_item\" style=\"\"><div class=\"bt_bb_content_slider_item_content content\"><div class=\"bt_bb_single_product woocommerce\"><div class=\"bt_bb_single_product_image\"><img width=\"800\" height=\"375\" src=\"https:\/\/ceramicaterracuita.com\/wp-content\/uploads\/2021\/02\/gres_cabezera1600x750px-1-800x375.jpg\" class=\"attachment-shop_catalog size-shop_catalog\" alt=\"\" loading=\"lazy\" srcset=\"https:\/\/ceramicaterracuita.com\/wp-content\/uploads\/2021\/02\/gres_cabezera1600x750px-1-800x375.jpg 800w, https:\/\/ceramicaterracuita.com\/wp-content\/uploads\/2021\/02\/gres_cabezera1600x750px-1-640x300.jpg 640w, https:\/\/ceramicaterracuita.com\/wp-content\/uploads\/2021\/02\/gres_cabezera1600x750px-1-1280x600.jpg 1280w, https:\/\/ceramicaterracuita.com\/wp-content\/uploads\/2021\/02\/gres_cabezera1600x750px-1-768x360.jpg 768w, https:\/\/ceramicaterracuita.com\/wp-content\/uploads\/2021\/02\/gres_cabezera1600x750px-1-1536x720.jpg 1536w, https:\/\/ceramicaterracuita.com\/wp-content\/uploads\/2021\/02\/gres_cabezera1600x750px-1-320x150.jpg 320w, https:\/\/ceramicaterracuita.com\/wp-content\/uploads\/2021\/02\/gres_cabezera1600x750px-1-1000x469.jpg 1000w, https:\/\/ceramicaterracuita.com\/wp-content\/uploads\/2021\/02\/gres_cabezera1600x750px-1.jpg 1600w\" sizes=\"(max-width: 800px) 100vw, 800px\" \/><\/div><div class=\"bt_bb_single_product_content\"><div class=\"bt_bb_single_product_title\">Gres<\/div><div class=\"bt_bb_single_product_description\">La nostra vaixella de gres \u00e9s un tot terreny en qualitat i durabilitat. El gres s&#8217;elabora amb composts d&#8217;argila natural cuita a alta temperatura i es d\u00f3na color amb esmalts en base de pigments naturals\u2026<\/div><div class=\"bt_bb_single_product_price_cart\"><p class=\"product woocommerce add_to_cart_inline \" style=\"\"><a href=\"https:\/\/ceramicaterracuita.com\/ca\/productes\/gres\/\" data-quantity=\"1\" class=\"button product_type_simple\" data-product_id=\"4768\" data-product_sku=\"\" aria-label=\"M\u00e9s informaci\u00f3 sobre &ldquo;Gres&rdquo;\" rel=\"nofollow\">Llegeix m\u00e9s<\/a><\/p><\/div><\/div><\/div><div class=\"bt_bb_separator bt_bb_bottom_spacing_medium bt_bb_border_style_none\"><\/div><\/div><\/div><div class=\"bt_bb_content_slider_item\" style=\"\"><div class=\"bt_bb_content_slider_item_content content\"><div class=\"bt_bb_single_product woocommerce\"><div class=\"bt_bb_single_product_image\"><img src=\"https:\/\/ceramicaterracuita.com\/wp-content\/uploads\/2021\/02\/coleccion4.png\" alt=\"Peces especials\" title=\"Peces especials\" ><\/div><div class=\"bt_bb_single_product_content\"><div class=\"bt_bb_single_product_title\">Peces especials<\/div><div class=\"bt_bb_single_product_description\">Aqu\u00ed \u00e9s on s&#8217;aprecia m\u00e9s el nostre esperit innovador. Ara no nom\u00e9s tenim cassoles, com en els nostres inicis, sin\u00f3 tamb\u00e9 vaixelles i altres articles de cuina, bany i decoraci\u00f3\u2026<\/div><div class=\"bt_bb_single_product_price_cart\"><p class=\"product woocommerce add_to_cart_inline \" style=\"\"><a href=\"https:\/\/ceramicaterracuita.com\/ca\/productes\/peces-especials\/\" data-quantity=\"1\" class=\"button product_type_simple\" data-product_id=\"4770\" data-product_sku=\"\" aria-label=\"M\u00e9s informaci\u00f3 sobre &ldquo;Peces especials&rdquo;\" rel=\"nofollow\">Llegeix m\u00e9s<\/a><\/p><\/div><\/div><\/div><div class=\"bt_bb_separator bt_bb_bottom_spacing_medium bt_bb_border_style_none\"><\/div><\/div><\/div><\/div><\/div><\/div><\/div><\/div><\/div><\/div><\/div><\/div><\/div><\/section><\/div>","protected":false},"excerpt":{"rendered":"<p>La col\u00b7lecci\u00f3 de lleng\u00fces mallorquines est\u00e0 inspirada en la tradicional tela mallorquina o, la tamb\u00e9 dita, \u201ctela de lleng\u00fces\u201d.\u00a0 Existeix la creen\u00e7a que el seu origen \u00e9s oriental per la seva similitud a la tela de<em> ikat asi\u00e0tica<\/em>. Mallorca era punt de parada dels navilis que realitzaven les rutes comercials entre \u00c0sia i Europa.<\/p>\n<p>Formem dibuixos i formes geom\u00e8triques simples i les pinzellem en diversos colors: blau, vermell, turquesa, groc, morat, negre, gris i verd pistatxo. Per enc\u00e0rrec, podem fer, en altres colors, la pe\u00e7a que desitgis.<\/p>\n","protected":false},"featured_media":4856,"comment_status":"closed","ping_status":"closed","template":"","meta":[],"yoast_head":"<!-- This site is optimized with the Yoast SEO plugin v16.2 - https:\/\/yoast.com\/wordpress\/plugins\/seo\/ -->\n<title>Lleng\u00fces mallorquines - Terra Cer\u00e0mica Mallorca<\/title>\n<meta name=\"robots\" content=\"index, follow, max-snippet:-1, max-image-preview:large, max-video-preview:-1\" \/>\n<link rel=\"canonical\" href=\"https:\/\/ceramicaterracuita.com\/ca\/productes\/lenguas-mallorquinas\/\" \/>\n<meta property=\"og:locale\" content=\"ca_ES\" \/>\n<meta property=\"og:type\" content=\"article\" \/>\n<meta property=\"og:title\" content=\"Lleng\u00fces mallorquines - Terra Cer\u00e0mica Mallorca\" \/>\n<meta property=\"og:description\" content=\"La col\u00b7lecci\u00f3 de lleng\u00fces mallorquines est\u00e0 inspirada en la tradicional tela mallorquina o, la tamb\u00e9 dita, \u201ctela de lleng\u00fces\u201d.\u00a0 Existeix la creen\u00e7a que el seu origen \u00e9s oriental per la seva similitud a la tela de ikat asi\u00e0tica. Mallorca era punt de parada dels navilis que realitzaven les rutes comercials entre \u00c0sia i Europa.  Formem dibuixos i formes geom\u00e8triques simples i les pinzellem en diversos colors: blau, vermell, turquesa, groc, morat, negre, gris i verd pistatxo. Per enc\u00e0rrec, podem fer, en altres colors, la pe\u00e7a que desitgis.\" \/>\n<meta property=\"og:url\" content=\"https:\/\/ceramicaterracuita.com\/ca\/productes\/lenguas-mallorquinas\/\" \/>\n<meta property=\"og:site_name\" content=\"Terra Cer\u00e0mica Mallorca\" \/>\n<meta property=\"article:modified_time\" content=\"2022-01-02T17:20:55+00:00\" \/>\n<meta property=\"og:image\" content=\"http:\/\/ceramicaterracuita.com\/wp-content\/uploads\/2021\/02\/00_llengues_cabezera1600x700px-1.jpg\" \/>\n\t<meta property=\"og:image:width\" content=\"1600\" \/>\n\t<meta property=\"og:image:height\" content=\"700\" \/>\n<meta name=\"twitter:card\" content=\"summary_large_image\" \/>\n<meta name=\"twitter:label1\" content=\"Temps estimat de lectura\">\n\t<meta name=\"twitter:data1\" content=\"7 minuts\">\n<script type=\"application\/ld+json\" class=\"yoast-schema-graph\">{\"@context\":\"https:\/\/schema.org\",\"@graph\":[{\"@type\":\"Organization\",\"@id\":\"https:\/\/ceramicaterracuita.com\/#organization\",\"name\":\"Terra Cer\\u00e1mica Mallorca\",\"url\":\"https:\/\/ceramicaterracuita.com\/\",\"sameAs\":[],\"logo\":{\"@type\":\"ImageObject\",\"@id\":\"https:\/\/ceramicaterracuita.com\/#logo\",\"inLanguage\":\"ca\",\"url\":\"https:\/\/ceramicaterracuita.com\/wp-content\/uploads\/2021\/01\/logo_transp.png\",\"contentUrl\":\"https:\/\/ceramicaterracuita.com\/wp-content\/uploads\/2021\/01\/logo_transp.png\",\"width\":230,\"height\":80,\"caption\":\"Terra Cer\\u00e1mica Mallorca\"},\"image\":{\"@id\":\"https:\/\/ceramicaterracuita.com\/#logo\"}},{\"@type\":\"WebSite\",\"@id\":\"https:\/\/ceramicaterracuita.com\/#website\",\"url\":\"https:\/\/ceramicaterracuita.com\/\",\"name\":\"Terra Cer\\u00e0mica Mallorca\",\"description\":\"F\\u00e1brica cer\\u00e1mica Mallorca portal Terra Cuita, artesania barro fabrica Mallorca, productos t\\u00edpicos Mallorca decoraci\\u00f3n vajilla artesana.\",\"publisher\":{\"@id\":\"https:\/\/ceramicaterracuita.com\/#organization\"},\"potentialAction\":[{\"@type\":\"SearchAction\",\"target\":\"https:\/\/ceramicaterracuita.com\/?s={search_term_string}\",\"query-input\":\"required name=search_term_string\"}],\"inLanguage\":\"ca\"},{\"@type\":\"ImageObject\",\"@id\":\"https:\/\/ceramicaterracuita.com\/ca\/productes\/lenguas-mallorquinas\/#primaryimage\",\"inLanguage\":\"ca\",\"url\":\"https:\/\/ceramicaterracuita.com\/wp-content\/uploads\/2021\/02\/00_llengues_cabezera1600x700px-1.jpg\",\"contentUrl\":\"https:\/\/ceramicaterracuita.com\/wp-content\/uploads\/2021\/02\/00_llengues_cabezera1600x700px-1.jpg\",\"width\":1600,\"height\":700},{\"@type\":\"WebPage\",\"@id\":\"https:\/\/ceramicaterracuita.com\/ca\/productes\/lenguas-mallorquinas\/#webpage\",\"url\":\"https:\/\/ceramicaterracuita.com\/ca\/productes\/lenguas-mallorquinas\/\",\"name\":\"Lleng\\u00fces mallorquines - Terra Cer\\u00e0mica Mallorca\",\"isPartOf\":{\"@id\":\"https:\/\/ceramicaterracuita.com\/#website\"},\"primaryImageOfPage\":{\"@id\":\"https:\/\/ceramicaterracuita.com\/ca\/productes\/lenguas-mallorquinas\/#primaryimage\"},\"datePublished\":\"2021-02-12T12:58:45+00:00\",\"dateModified\":\"2022-01-02T17:20:55+00:00\",\"breadcrumb\":{\"@id\":\"https:\/\/ceramicaterracuita.com\/ca\/productes\/lenguas-mallorquinas\/#breadcrumb\"},\"inLanguage\":\"ca\",\"potentialAction\":[{\"@type\":\"ReadAction\",\"target\":[\"https:\/\/ceramicaterracuita.com\/ca\/productes\/lenguas-mallorquinas\/\"]}]},{\"@type\":\"BreadcrumbList\",\"@id\":\"https:\/\/ceramicaterracuita.com\/ca\/productes\/lenguas-mallorquinas\/#breadcrumb\",\"itemListElement\":[{\"@type\":\"ListItem\",\"position\":1,\"item\":{\"@type\":\"WebPage\",\"@id\":\"https:\/\/ceramicaterracuita.com\/ca\/\",\"url\":\"https:\/\/ceramicaterracuita.com\/ca\/\",\"name\":\"Portada\"}},{\"@type\":\"ListItem\",\"position\":2,\"item\":{\"@type\":\"WebPage\",\"@id\":\"\",\"url\":\"\",\"name\":\"\"}},{\"@type\":\"ListItem\",\"position\":3,\"item\":{\"@id\":\"https:\/\/ceramicaterracuita.com\/ca\/productes\/lenguas-mallorquinas\/#webpage\"}}]}]}<\/script>\n<!-- \/ Yoast SEO plugin. -->","_links":{"self":[{"href":"https:\/\/ceramicaterracuita.com\/ca\/wp-json\/wp\/v2\/product\/4767"}],"collection":[{"href":"https:\/\/ceramicaterracuita.com\/ca\/wp-json\/wp\/v2\/product"}],"about":[{"href":"https:\/\/ceramicaterracuita.com\/ca\/wp-json\/wp\/v2\/types\/product"}],"replies":[{"embeddable":true,"href":"https:\/\/ceramicaterracuita.com\/ca\/wp-json\/wp\/v2\/comments?post=4767"}],"wp:featuredmedia":[{"embeddable":true,"href":"https:\/\/ceramicaterracuita.com\/ca\/wp-json\/wp\/v2\/media\/4856"}],"wp:attachment":[{"href":"https:\/\/ceramicaterracuita.com\/ca\/wp-json\/wp\/v2\/media?parent=4767"}],"curies":[{"name":"wp","href":"https:\/\/api.w.org\/{rel}","templated":true}]}}